{"id":9824,"date":"2018-06-06T12:02:41","date_gmt":"2018-06-06T12:02:41","guid":{"rendered":"https:\/\/www.erbessd-instruments.com\/?page_id=9824"},"modified":"2024-07-01T18:23:39","modified_gmt":"2024-07-01T23:23:39","slug":"training","status":"publish","type":"page","link":"https:\/\/www.erbessd-instruments.com\/es\/training\/","title":{"rendered":"Capacitaciones"},"content":{"rendered":"\t\t<div data-elementor-type=\"wp-page\" data-elementor-id=\"9824\" class=\"elementor elementor-9824 elementor-10491\" data-elementor-post-type=\"page\">\n\t\t\t\t<div data-particle_enable=\"false\" data-particle-mobile-disabled=\"false\" class=\"elementor-element elementor-element-51fa9e8 e-flex e-con-boxed e-con e-parent\" data-id=\"51fa9e8\" data-element_type=\"container\" data-e-type=\"container\">\n\t\t\t\t\t<div class=\"e-con-inner\">\n\t\t\t\t<div class=\"elementor-element elementor-element-8b6a452 elementor-widget elementor-widget-image\" data-id=\"8b6a452\" data-element_type=\"widget\" data-e-type=\"widget\" data-widget_type=\"image.default\">\n\t\t\t\t<div class=\"elementor-widget-container\">\n\t\t\t\t\t\t\t\t\t\t\t\t\t\t\t<img fetchpriority=\"high\" decoding=\"async\" width=\"1250\" height=\"250\" src=\"https:\/\/www.erbessd-instruments.com\/wp-content\/uploads\/2024\/07\/training_erbessd_esp.jpg\" class=\"attachment-full size-full wp-image-10144700\" alt=\"\" srcset=\"https:\/\/www.erbessd-instruments.com\/wp-content\/uploads\/2024\/07\/training_erbessd_esp.jpg 1250w, https:\/\/www.erbessd-instruments.com\/wp-content\/uploads\/2024\/07\/training_erbessd_esp-300x60.jpg 300w, https:\/\/www.erbessd-instruments.com\/wp-content\/uploads\/2024\/07\/training_erbessd_esp-1024x205.jpg 1024w, https:\/\/www.erbessd-instruments.com\/wp-content\/uploads\/2024\/07\/training_erbessd_esp-768x154.jpg 768w\" sizes=\"(max-width: 1250px) 100vw, 1250px\" \/>\t\t\t\t\t\t\t\t\t\t\t\t\t\t\t<\/div>\n\t\t\t\t<\/div>\n\t\t\t\t\t<\/div>\n\t\t\t\t<\/div>\n\t\t\t\t<section data-particle_enable=\"false\" data-particle-mobile-disabled=\"false\" class=\"elementor-section elementor-top-section elementor-element elementor-element-0e7c3f3 elementor-section-boxed elementor-section-height-default elementor-section-height-default\" data-id=\"0e7c3f3\" data-element_type=\"section\" data-e-type=\"section\">\n\t\t\t\t\t\t<div class=\"elementor-container elementor-column-gap-default\">\n\t\t\t\t\t<div class=\"elementor-column elementor-col-100 elementor-top-column elementor-element elementor-element-164f3c2\" data-id=\"164f3c2\" data-element_type=\"column\" data-e-type=\"column\">\n\t\t\t<div class=\"elementor-widget-wrap elementor-element-populated\">\n\t\t\t\t\t\t<div class=\"elementor-element elementor-element-4eda2ac elementor-widget elementor-widget-text-editor\" data-id=\"4eda2ac\" data-element_type=\"widget\" data-e-type=\"widget\" data-widget_type=\"text-editor.default\">\n\t\t\t\t<div class=\"elementor-widget-container\">\n\t\t\t\t\t\t\t\t\t<p><strong>Hazte Experto<\/strong>\u00a0utilizando nuestros equipos para An\u00e1lisis de Vibraciones y Balanceo Din\u00e1mico.<\/p>\t\t\t\t\t\t\t\t<\/div>\n\t\t\t\t<\/div>\n\t\t\t\t\t<\/div>\n\t\t<\/div>\n\t\t\t\t\t<\/div>\n\t\t<\/section>\n\t\t<div data-particle_enable=\"false\" data-particle-mobile-disabled=\"false\" class=\"elementor-element elementor-element-3faaf76 e-flex e-con-boxed e-con e-parent\" data-id=\"3faaf76\" data-element_type=\"container\" data-e-type=\"container\">\n\t\t\t\t\t<div class=\"e-con-inner\">\n\t\t\t\t<div class=\"elementor-element elementor-element-a2fc977 elementor-widget elementor-widget-text-editor\" data-id=\"a2fc977\" data-element_type=\"widget\" data-e-type=\"widget\" data-widget_type=\"text-editor.default\">\n\t\t\t\t<div class=\"elementor-widget-container\">\n\t\t\t\t\t\t\t\t\t<p>En Erbessd Instruments, entendemos la importancia de capacitar a los profesionales en el uso eficiente de nuestras herramientas avanzadas de an\u00e1lisis de vibraciones y monitoreo de condiciones. Nuestro programa de capacitaci\u00f3n est\u00e1 dise\u00f1ado para equipar a los ingenieros y t\u00e9cnicos con los conocimientos y habilidades necesarios para maximizar la eficiencia operativa de sus m\u00e1quinas y minimizar los tiempos de inactividad.<\/p>\t\t\t\t\t\t\t\t<\/div>\n\t\t\t\t<\/div>\n\t\t\t\t\t<\/div>\n\t\t\t\t<\/div>\n\t\t<div data-particle_enable=\"false\" data-particle-mobile-disabled=\"false\" class=\"elementor-element elementor-element-5efd90c e-flex e-con-boxed e-con e-parent\" data-id=\"5efd90c\" data-element_type=\"container\" data-e-type=\"container\">\n\t\t\t\t\t<div class=\"e-con-inner\">\n\t\t\t\t<div class=\"elementor-element elementor-element-25e6c78 elementor-widget-divider--view-line elementor-widget elementor-widget-divider\" data-id=\"25e6c78\" data-element_type=\"widget\" data-e-type=\"widget\" data-widget_type=\"divider.default\">\n\t\t\t\t<div class=\"elementor-widget-container\">\n\t\t\t\t\t\t\t<div class=\"elementor-divider\">\n\t\t\t<span class=\"elementor-divider-separator\">\n\t\t\t\t\t\t<\/span>\n\t\t<\/div>\n\t\t\t\t\t\t<\/div>\n\t\t\t\t<\/div>\n\t\t\t\t\t<\/div>\n\t\t\t\t<\/div>\n\t\t<div data-particle_enable=\"false\" data-particle-mobile-disabled=\"false\" class=\"elementor-element elementor-element-4b18412 e-con-full e-flex e-con e-parent\" data-id=\"4b18412\" data-element_type=\"container\" data-e-type=\"container\">\n\t\t<div data-particle_enable=\"false\" data-particle-mobile-disabled=\"false\" class=\"elementor-element elementor-element-3217dd3 e-con-full e-flex e-con e-child\" data-id=\"3217dd3\" data-element_type=\"container\" data-e-type=\"container\">\n\t\t\t\t<div class=\"elementor-element elementor-element-ca5c303 elementor-widget elementor-widget-image\" data-id=\"ca5c303\" data-element_type=\"widget\" data-e-type=\"widget\" data-widget_type=\"image.default\">\n\t\t\t\t<div class=\"elementor-widget-container\">\n\t\t\t\t\t\t\t\t\t\t\t\t\t\t\t<img decoding=\"async\" width=\"461\" height=\"1024\" src=\"https:\/\/www.erbessd-instruments.com\/wp-content\/uploads\/2024\/07\/training_dynamic_balance_over_ei-series-461x1024.jpeg\" class=\"attachment-large size-large wp-image-10144694\" alt=\"\" srcset=\"https:\/\/www.erbessd-instruments.com\/wp-content\/uploads\/2024\/07\/training_dynamic_balance_over_ei-series-461x1024.jpeg 461w, https:\/\/www.erbessd-instruments.com\/wp-content\/uploads\/2024\/07\/training_dynamic_balance_over_ei-series-135x300.jpeg 135w, https:\/\/www.erbessd-instruments.com\/wp-content\/uploads\/2024\/07\/training_dynamic_balance_over_ei-series-691x1536.jpeg 691w, https:\/\/www.erbessd-instruments.com\/wp-content\/uploads\/2024\/07\/elementor\/thumbs\/training_dynamic_balance_over_ei-series-scaled-qqhmghvg04pfyxyzxps1ldp5qt34ahbu9gq8th4qlc.jpeg 180w, https:\/\/www.erbessd-instruments.com\/wp-content\/uploads\/2024\/07\/elementor\/thumbs\/training_dynamic_balance_over_ei-series-scaled-qqhmghvg9s1m95f7x6ee1ph7a3kur46tvu2rxt9iqc.jpeg 202w, https:\/\/www.erbessd-instruments.com\/wp-content\/uploads\/2024\/07\/training_dynamic_balance_over_ei-series-scaled.jpeg 648w\" sizes=\"(max-width: 461px) 100vw, 461px\" \/>\t\t\t\t\t\t\t\t\t\t\t\t\t\t\t<\/div>\n\t\t\t\t<\/div>\n\t\t\t\t<\/div>\n\t\t<div data-particle_enable=\"false\" data-particle-mobile-disabled=\"false\" class=\"elementor-element elementor-element-07287bd e-con-full e-flex e-con e-child\" data-id=\"07287bd\" data-element_type=\"container\" data-e-type=\"container\">\n\t\t\t\t<div class=\"elementor-element elementor-element-6f92e26 elementor-widget elementor-widget-heading\" data-id=\"6f92e26\" data-element_type=\"widget\" data-e-type=\"widget\" data-widget_type=\"heading.default\">\n\t\t\t\t<div class=\"elementor-widget-container\">\n\t\t\t\t\t<h2 class=\"elementor-heading-title elementor-size-default\">Balanceo Din\u00e1mico<\/h2>\t\t\t\t<\/div>\n\t\t\t\t<\/div>\n\t\t\t\t<div class=\"elementor-element elementor-element-227e74c elementor-widget__width-initial elementor-widget elementor-widget-text-editor\" data-id=\"227e74c\" data-element_type=\"widget\" data-e-type=\"widget\" data-widget_type=\"text-editor.default\">\n\t\t\t\t<div class=\"elementor-widget-container\">\n\t\t\t\t\t\t\t\t\t<p><strong>Aprovecha al 100% tus equipos de Balanceo Erbessd Instruments:<\/strong><\/p><p><strong>\u00a0<\/strong><\/p><p><a href=\"https:\/\/www.erbessd-instruments.com\/es\/balancing-machines\">EI Series<\/a>, <a href=\"https:\/\/www.erbessd-instruments.com\/es\/soft-bearing-suspension\">SBS Series<\/a> y <a href=\"https:\/\/www.erbessd-instruments.com\/es\/digivibemx\">DigivibeMX\u00ae<\/a>. Ofrecemos cursos de capacitaci\u00f3n b\u00e1sicos y avanzados para el uso de todas las funciones de tu m\u00e1quina y software.<\/p><p>\u00a0<\/p><p>Sistema de aprendizaje te\u00f3rico-pr\u00e1ctico que te permitir\u00e1 comprender todas las capacidades y funciones de tu equipo. Adem\u00e1s, casos espec\u00edficos y sugerencias t\u00e9cnicas que te ayudar\u00e1n a resolver situaciones complejas al realizar balanceos en m\u00e1quina balanceadora y en campo (in-situ) que s\u00f3lo la experiencia te puede aportar.<\/p><p>\u00a0<\/p><ul><li>Curso de Balanceo en Campo (in-situ)<\/li><li>Curso de Balanceo en Balanceadora con Bases Flotantes<\/li><\/ul>\t\t\t\t\t\t\t\t<\/div>\n\t\t\t\t<\/div>\n\t\t\t\t<div class=\"elementor-element elementor-element-2cc8b53 elementor-widget elementor-widget-button\" data-id=\"2cc8b53\" data-element_type=\"widget\" data-e-type=\"widget\" data-widget_type=\"button.default\">\n\t\t\t\t<div class=\"elementor-widget-container\">\n\t\t\t\t\t\t\t\t\t<div class=\"elementor-button-wrapper\">\n\t\t\t\t\t<a class=\"elementor-button elementor-button-link elementor-size-sm\" href=\"https:\/\/www.erbessd-instruments.com\/es\/maquinas-balanceadoras\/\">\n\t\t\t\t\t\t<span class=\"elementor-button-content-wrapper\">\n\t\t\t\t\t\t\t\t\t<span class=\"elementor-button-text\">Conoce las m\u00e1quinas balanceadoras a tu alcance<\/span>\n\t\t\t\t\t<\/span>\n\t\t\t\t\t<\/a>\n\t\t\t\t<\/div>\n\t\t\t\t\t\t\t\t<\/div>\n\t\t\t\t<\/div>\n\t\t\t\t<\/div>\n\t\t\t\t<\/div>\n\t\t<div data-particle_enable=\"false\" data-particle-mobile-disabled=\"false\" class=\"elementor-element elementor-element-659b19a e-flex e-con-boxed e-con e-parent\" data-id=\"659b19a\" data-element_type=\"container\" data-e-type=\"container\">\n\t\t\t\t\t<div class=\"e-con-inner\">\n\t\t\t\t<div class=\"elementor-element elementor-element-5dccc31 elementor-widget-divider--view-line elementor-widget elementor-widget-divider\" data-id=\"5dccc31\" data-element_type=\"widget\" data-e-type=\"widget\" data-widget_type=\"divider.default\">\n\t\t\t\t<div class=\"elementor-widget-container\">\n\t\t\t\t\t\t\t<div class=\"elementor-divider\">\n\t\t\t<span class=\"elementor-divider-separator\">\n\t\t\t\t\t\t<\/span>\n\t\t<\/div>\n\t\t\t\t\t\t<\/div>\n\t\t\t\t<\/div>\n\t\t\t\t\t<\/div>\n\t\t\t\t<\/div>\n\t\t<div data-particle_enable=\"false\" data-particle-mobile-disabled=\"false\" class=\"elementor-element elementor-element-da0c6dc e-flex e-con-boxed e-con e-parent\" data-id=\"da0c6dc\" data-element_type=\"container\" data-e-type=\"container\">\n\t\t\t\t\t<div class=\"e-con-inner\">\n\t\t<div data-particle_enable=\"false\" data-particle-mobile-disabled=\"false\" class=\"elementor-element elementor-element-5f134a8 e-con-full e-flex e-con e-child\" data-id=\"5f134a8\" data-element_type=\"container\" data-e-type=\"container\">\n\t\t\t\t<div class=\"elementor-element elementor-element-9ce3b65 elementor-widget elementor-widget-heading\" data-id=\"9ce3b65\" data-element_type=\"widget\" data-e-type=\"widget\" data-widget_type=\"heading.default\">\n\t\t\t\t<div class=\"elementor-widget-container\">\n\t\t\t\t\t<h2 class=\"elementor-heading-title elementor-size-default\">An\u00e1lisis de vibraci\u00f3n<\/h2>\t\t\t\t<\/div>\n\t\t\t\t<\/div>\n\t\t\t\t<div class=\"elementor-element elementor-element-f4bb3fb elementor-widget elementor-widget-text-editor\" data-id=\"f4bb3fb\" data-element_type=\"widget\" data-e-type=\"widget\" data-widget_type=\"text-editor.default\">\n\t\t\t\t<div class=\"elementor-widget-container\">\n\t\t\t\t\t\t\t\t\t<p class=\"white thin narrower justify-align\">La vibraci\u00f3n es un efecto de los mecanismos giratorios (rotores, ventiladores, ejes, etc.) que se produce cuando existe una excentricidad en su masa produciendo un&nbsp;<em>desbalanceo<\/em>. Este efecto puede ocasionar desgaste prematuro de rodamientos, da\u00f1o en estructuras y aumento en el consumo el\u00e9ctrico, entre otros, en un corto periodo de tiempo.<\/p>\n<p class=\"white thin narrower justify-align\">Ofrecemos cursos&nbsp;<strong>te\u00f3rico-pr\u00e1cticos<\/strong>&nbsp;para comprender estos fen\u00f3menos utilizando nuestro software DigivibeMX\u00ae.<\/p>\n<ul class=\"left-align white list-styled style-check\">\n<li>Curso de Introducci\u00f3n a DigivibeMX\u00ae<\/li>\n<li>Curso de Funciones Avanzadas DigivibeMX\u00ae<\/li>\n<\/ul>\t\t\t\t\t\t\t\t<\/div>\n\t\t\t\t<\/div>\n\t\t\t\t<\/div>\n\t\t<div data-particle_enable=\"false\" data-particle-mobile-disabled=\"false\" class=\"elementor-element elementor-element-bce0aab e-con-full e-flex e-con e-child\" data-id=\"bce0aab\" data-element_type=\"container\" data-e-type=\"container\">\n\t\t\t\t<div class=\"elementor-element elementor-element-210baed elementor-widget elementor-widget-image\" data-id=\"210baed\" data-element_type=\"widget\" data-e-type=\"widget\" data-widget_type=\"image.default\">\n\t\t\t\t<div class=\"elementor-widget-container\">\n\t\t\t\t\t\t\t\t\t\t\t\t\t\t\t<img decoding=\"async\" width=\"600\" height=\"377\" src=\"https:\/\/www.erbessd-instruments.com\/wp-content\/uploads\/2024\/03\/vibration_analyzer_digivibe.jpg\" class=\"attachment-large size-large wp-image-10141642\" alt=\"\" srcset=\"https:\/\/www.erbessd-instruments.com\/wp-content\/uploads\/2024\/03\/vibration_analyzer_digivibe.jpg 600w, https:\/\/www.erbessd-instruments.com\/wp-content\/uploads\/2024\/03\/vibration_analyzer_digivibe-300x189.jpg 300w\" sizes=\"(max-width: 600px) 100vw, 600px\" \/>\t\t\t\t\t\t\t\t\t\t\t\t\t\t\t<\/div>\n\t\t\t\t<\/div>\n\t\t\t\t<\/div>\n\t\t\t\t\t<\/div>\n\t\t\t\t<\/div>\n\t\t<div data-particle_enable=\"false\" data-particle-mobile-disabled=\"false\" class=\"elementor-element elementor-element-a20e71e e-flex e-con-boxed e-con e-parent\" data-id=\"a20e71e\" data-element_type=\"container\" data-e-type=\"container\">\n\t\t\t\t\t<div class=\"e-con-inner\">\n\t\t\t\t<div class=\"elementor-element elementor-element-04a11e2 elementor-widget-divider--view-line elementor-widget elementor-widget-divider\" data-id=\"04a11e2\" data-element_type=\"widget\" data-e-type=\"widget\" data-widget_type=\"divider.default\">\n\t\t\t\t<div class=\"elementor-widget-container\">\n\t\t\t\t\t\t\t<div class=\"elementor-divider\">\n\t\t\t<span class=\"elementor-divider-separator\">\n\t\t\t\t\t\t<\/span>\n\t\t<\/div>\n\t\t\t\t\t\t<\/div>\n\t\t\t\t<\/div>\n\t\t\t\t\t<\/div>\n\t\t\t\t<\/div>\n\t\t<div data-particle_enable=\"false\" data-particle-mobile-disabled=\"false\" class=\"elementor-element elementor-element-1f8565e e-flex e-con-boxed e-con e-parent\" data-id=\"1f8565e\" data-element_type=\"container\" data-e-type=\"container\">\n\t\t\t\t\t<div class=\"e-con-inner\">\n\t\t<div data-particle_enable=\"false\" data-particle-mobile-disabled=\"false\" class=\"elementor-element elementor-element-7a18004 e-con-full e-flex e-con e-child\" data-id=\"7a18004\" data-element_type=\"container\" data-e-type=\"container\">\n\t\t\t\t<div class=\"elementor-element elementor-element-e120848 elementor-widget elementor-widget-image\" data-id=\"e120848\" data-element_type=\"widget\" data-e-type=\"widget\" data-widget_type=\"image.default\">\n\t\t\t\t<div class=\"elementor-widget-container\">\n\t\t\t\t\t\t\t\t\t\t\t\t\t\t\t<img loading=\"lazy\" decoding=\"async\" width=\"563\" height=\"536\" src=\"https:\/\/www.erbessd-instruments.com\/wp-content\/uploads\/2024\/06\/04photo.jpg\" class=\"attachment-large size-large wp-image-10143804\" alt=\"\" srcset=\"https:\/\/www.erbessd-instruments.com\/wp-content\/uploads\/2024\/06\/04photo.jpg 563w, https:\/\/www.erbessd-instruments.com\/wp-content\/uploads\/2024\/06\/04photo-300x286.jpg 300w\" sizes=\"(max-width: 563px) 100vw, 563px\" \/>\t\t\t\t\t\t\t\t\t\t\t\t\t\t\t<\/div>\n\t\t\t\t<\/div>\n\t\t\t\t<\/div>\n\t\t<div data-particle_enable=\"false\" data-particle-mobile-disabled=\"false\" class=\"elementor-element elementor-element-f741390 e-con-full e-flex e-con e-child\" data-id=\"f741390\" data-element_type=\"container\" data-e-type=\"container\">\n\t\t\t\t<div class=\"elementor-element elementor-element-d2f72d7 elementor-widget elementor-widget-heading\" data-id=\"d2f72d7\" data-element_type=\"widget\" data-e-type=\"widget\" data-widget_type=\"heading.default\">\n\t\t\t\t<div class=\"elementor-widget-container\">\n\t\t\t\t\t<h2 class=\"elementor-heading-title elementor-size-default\">Monitoreo de condici\u00f3n<\/h2>\t\t\t\t<\/div>\n\t\t\t\t<\/div>\n\t\t\t\t<div class=\"elementor-element elementor-element-d1ea349 elementor-widget elementor-widget-text-editor\" data-id=\"d1ea349\" data-element_type=\"widget\" data-e-type=\"widget\" data-widget_type=\"text-editor.default\">\n\t\t\t\t<div class=\"elementor-widget-container\">\n\t\t\t\t\t\t\t\t\t<p>Enfocado en proporcionar a los ingenieros de mantenimiento las herramientas y conocimientos necesarios para <b>optimizar la salud de sus m\u00e1quinas<\/b>, este curso de capacitaci\u00f3n abarca el uso avanzado de<b> sensores de monitoreo de condici\u00f3n<\/b>. Al finalizar, ser\u00e1s capaz de implementar estrategias efectivas para prevenir fallos y minimizar los tiempos de inactividad.<\/p><p>Utilizando sensores de monitoreo de condici\u00f3n, podr\u00e1s supervisar la salud de tus m\u00e1quinas de manera continua, lo que te permitir\u00e1<b> anticipar problemas y tomar medidas preventivas<\/b>. Este curso te ense\u00f1a a tomar decisiones cr\u00edticas y a configurar tus equipos adecuadamente, abordando los siguientes temas clave:<\/p><ul><li>Recolecci\u00f3n \u00f3ptima de datos<\/li><li>Criticidad de una m\u00e1quina<\/li><li>Herramientas de Machine Learning<\/li><li>Tendencias y c\u00f3mo leerlas<\/li><li>Diagn\u00f3sticos automatizados<\/li><\/ul>\t\t\t\t\t\t\t\t<\/div>\n\t\t\t\t<\/div>\n\t\t\t\t<\/div>\n\t\t\t\t\t<\/div>\n\t\t\t\t<\/div>\n\t\t<div data-particle_enable=\"false\" data-particle-mobile-disabled=\"false\" class=\"elementor-element elementor-element-efe591b e-flex e-con-boxed e-con e-parent\" data-id=\"efe591b\" data-element_type=\"container\" data-e-type=\"container\">\n\t\t\t\t\t<div class=\"e-con-inner\">\n\t\t\t\t<div class=\"elementor-element elementor-element-ac0f5a3 elementor-widget elementor-widget-image\" data-id=\"ac0f5a3\" data-element_type=\"widget\" data-e-type=\"widget\" data-widget_type=\"image.default\">\n\t\t\t\t<div class=\"elementor-widget-container\">\n\t\t\t\t\t\t\t\t\t\t\t\t\t\t\t\t<a href=\"https:\/\/www.erbessd-instruments.com\/es\/contact-ei\/\">\n\t\t\t\t\t\t\t<img loading=\"lazy\" decoding=\"async\" width=\"1250\" height=\"248\" src=\"https:\/\/www.erbessd-instruments.com\/wp-content\/uploads\/2023\/02\/EI-header-contact-ESP.jpg\" class=\"attachment-full size-full wp-image-10128775\" alt=\"\" srcset=\"https:\/\/www.erbessd-instruments.com\/wp-content\/uploads\/2023\/02\/EI-header-contact-ESP.jpg 1250w, https:\/\/www.erbessd-instruments.com\/wp-content\/uploads\/2023\/02\/EI-header-contact-ESP-300x60.jpg 300w, https:\/\/www.erbessd-instruments.com\/wp-content\/uploads\/2023\/02\/EI-header-contact-ESP-1024x203.jpg 1024w, https:\/\/www.erbessd-instruments.com\/wp-content\/uploads\/2023\/02\/EI-header-contact-ESP-768x152.jpg 768w\" sizes=\"(max-width: 1250px) 100vw, 1250px\" \/>\t\t\t\t\t\t\t\t<\/a>\n\t\t\t\t\t\t\t\t\t\t\t\t\t\t\t<\/div>\n\t\t\t\t<\/div>\n\t\t\t\t\t<\/div>\n\t\t\t\t<\/div>\n\t\t\t\t<\/div>\n\t\t","protected":false},"excerpt":{"rendered":"<p>Hazte Experto\u00a0utilizando nuestros equipos para An\u00e1lisis de Vibraciones y Balanceo Din\u00e1mico. En Erbessd Instruments, entendemos la importancia de capacitar a los profesionales en el uso eficiente de nuestras herramientas avanzadas de an\u00e1lisis de vibraciones y monitoreo de condiciones. Nuestro programa de capacitaci\u00f3n est\u00e1 dise\u00f1ado para equipar a los ingenieros y t\u00e9cnicos con los conocimientos y &#8230; <a title=\"Capacitaciones\" class=\"read-more\" href=\"https:\/\/www.erbessd-instruments.com\/es\/training\/\" aria-label=\"Leer m\u00e1s sobre Capacitaciones\">Leer m\u00e1s<\/a><\/p>\n","protected":false},"author":6,"featured_media":0,"parent":0,"menu_order":0,"comment_status":"closed","ping_status":"closed","template":"","meta":{"_acf_changed":false,"footnotes":""},"class_list":["post-9824","page","type-page","status-publish"],"acf":[],"yoast_head":"<!-- This site is optimized with the Yoast SEO Premium plugin v22.8 (Yoast SEO v27.4) - https:\/\/yoast.com\/product\/yoast-seo-premium-wordpress\/ -->\n<title>Capacitaciones en an\u00e1lisis de vibraciones y balanceo din\u00e1mico<\/title>\n<meta name=\"description\" content=\"Proveemos entrenamiento a nuestros clientes en el uso de nuestros equipos. \u00a1Aprenda m\u00e1s sobre estas capacitaciones!\" \/>\n<meta name=\"robots\" content=\"index, follow, max-snippet:-1, max-image-preview:large, max-video-preview:-1\" \/>\n<link rel=\"canonical\" href=\"https:\/\/www.erbessd-instruments.com\/training\/\" \/>\n<meta property=\"og:locale\" content=\"es_ES\" \/>\n<meta property=\"og:type\" content=\"article\" \/>\n<meta property=\"og:title\" content=\"Capacitaciones\" \/>\n<meta property=\"og:description\" content=\"Proveemos entrenamiento a nuestros clientes en el uso de nuestros equipos. \u00a1Aprenda m\u00e1s sobre estas capacitaciones!\" \/>\n<meta property=\"og:url\" content=\"https:\/\/www.erbessd-instruments.com\/training\/\" \/>\n<meta property=\"og:site_name\" content=\"ERBESSD INSTRUMENTS\" \/>\n<meta property=\"article:publisher\" content=\"https:\/\/www.facebook.com\/erbessdinstrumentsco\" \/>\n<meta property=\"article:modified_time\" content=\"2024-07-01T23:23:39+00:00\" \/>\n<meta property=\"og:image\" content=\"https:\/\/www.erbessd-instruments.com\/wp-content\/uploads\/2024\/07\/training_erbessd_esp.jpg\" \/>\n<meta name=\"twitter:card\" content=\"summary_large_image\" \/>\n<meta name=\"twitter:site\" content=\"@ErbessdRel\" \/>\n<meta name=\"twitter:label1\" content=\"Tiempo de lectura\" \/>\n\t<meta name=\"twitter:data1\" content=\"3 minutos\" \/>\n<!-- \/ Yoast SEO Premium plugin. -->","yoast_head_json":{"title":"Capacitaciones en an\u00e1lisis de vibraciones y balanceo din\u00e1mico","description":"Proveemos entrenamiento a nuestros clientes en el uso de nuestros equipos. \u00a1Aprenda m\u00e1s sobre estas capacitaciones!","robots":{"index":"index","follow":"follow","max-snippet":"max-snippet:-1","max-image-preview":"max-image-preview:large","max-video-preview":"max-video-preview:-1"},"canonical":"https:\/\/www.erbessd-instruments.com\/training\/","og_locale":"es_ES","og_type":"article","og_title":"Capacitaciones","og_description":"Proveemos entrenamiento a nuestros clientes en el uso de nuestros equipos. \u00a1Aprenda m\u00e1s sobre estas capacitaciones!","og_url":"https:\/\/www.erbessd-instruments.com\/training\/","og_site_name":"ERBESSD INSTRUMENTS","article_publisher":"https:\/\/www.facebook.com\/erbessdinstrumentsco","article_modified_time":"2024-07-01T23:23:39+00:00","og_image":[{"url":"https:\/\/www.erbessd-instruments.com\/wp-content\/uploads\/2024\/07\/training_erbessd_esp.jpg","type":"","width":"","height":""}],"twitter_card":"summary_large_image","twitter_site":"@ErbessdRel","twitter_misc":{"Tiempo de lectura":"3 minutos"},"schema":{"@context":"https:\/\/schema.org","@graph":[{"@type":"WebPage","@id":"https:\/\/www.erbessd-instruments.com\/training\/","url":"https:\/\/www.erbessd-instruments.com\/training\/","name":"Capacitaciones en an\u00e1lisis de vibraciones y balanceo din\u00e1mico","isPartOf":{"@id":"https:\/\/www.erbessd-instruments.com\/#website"},"primaryImageOfPage":{"@id":"https:\/\/www.erbessd-instruments.com\/training\/#primaryimage"},"image":{"@id":"https:\/\/www.erbessd-instruments.com\/training\/#primaryimage"},"thumbnailUrl":"https:\/\/www.erbessd-instruments.com\/wp-content\/uploads\/2024\/07\/training_erbessd_esp.jpg","datePublished":"2018-06-06T12:02:41+00:00","dateModified":"2024-07-01T23:23:39+00:00","description":"Proveemos entrenamiento a nuestros clientes en el uso de nuestros equipos. \u00a1Aprenda m\u00e1s sobre estas capacitaciones!","breadcrumb":{"@id":"https:\/\/www.erbessd-instruments.com\/training\/#breadcrumb"},"inLanguage":"es","potentialAction":[{"@type":"ReadAction","target":["https:\/\/www.erbessd-instruments.com\/training\/"]}]},{"@type":"ImageObject","inLanguage":"es","@id":"https:\/\/www.erbessd-instruments.com\/training\/#primaryimage","url":"https:\/\/www.erbessd-instruments.com\/wp-content\/uploads\/2024\/07\/training_erbessd_esp.jpg","contentUrl":"https:\/\/www.erbessd-instruments.com\/wp-content\/uploads\/2024\/07\/training_erbessd_esp.jpg"},{"@type":"BreadcrumbList","@id":"https:\/\/www.erbessd-instruments.com\/training\/#breadcrumb","itemListElement":[{"@type":"ListItem","position":1,"name":"Home","item":"https:\/\/www.erbessd-instruments.com\/es\/"},{"@type":"ListItem","position":2,"name":"Capacitaciones"}]},{"@type":"WebSite","@id":"https:\/\/www.erbessd-instruments.com\/#website","url":"https:\/\/www.erbessd-instruments.com\/","name":"ERBESSD INSTRUMENTS","description":"Vibration Analyzer, Online Monitoring, Video Deflection, &amp; Balancing Machine Manufacturer","publisher":{"@id":"https:\/\/www.erbessd-instruments.com\/#organization"},"potentialAction":[{"@type":"SearchAction","target":{"@type":"EntryPoint","urlTemplate":"https:\/\/www.erbessd-instruments.com\/?s={search_term_string}"},"query-input":{"@type":"PropertyValueSpecification","valueRequired":true,"valueName":"search_term_string"}}],"inLanguage":"es"},{"@type":"Organization","@id":"https:\/\/www.erbessd-instruments.com\/#organization","name":"ERBESSD INSTRUMENTS","url":"https:\/\/www.erbessd-instruments.com\/","logo":{"@type":"ImageObject","inLanguage":"es","@id":"https:\/\/www.erbessd-instruments.com\/#\/schema\/logo\/image\/","url":"https:\/\/www.erbessd-instruments.com\/wp-content\/uploads\/2021\/06\/erbessd_instruments_logo.png","contentUrl":"https:\/\/www.erbessd-instruments.com\/wp-content\/uploads\/2021\/06\/erbessd_instruments_logo.png","width":1073,"height":138,"caption":"ERBESSD INSTRUMENTS"},"image":{"@id":"https:\/\/www.erbessd-instruments.com\/#\/schema\/logo\/image\/"},"sameAs":["https:\/\/www.facebook.com\/erbessdinstrumentsco","https:\/\/x.com\/ErbessdRel","https:\/\/www.linkedin.com\/company\/erbessdinstrumentsco","https:\/\/www.pinterest.com\/4d2ab37d590061eda78ee907c11410\/","https:\/\/www.youtube.com\/channel\/UCMi2XxcHeufIw5WVkcPg98A"]}]}},"_links":{"self":[{"href":"https:\/\/www.erbessd-instruments.com\/es\/wp-json\/wp\/v2\/pages\/9824","targetHints":{"allow":["GET"]}}],"collection":[{"href":"https:\/\/www.erbessd-instruments.com\/es\/wp-json\/wp\/v2\/pages"}],"about":[{"href":"https:\/\/www.erbessd-instruments.com\/es\/wp-json\/wp\/v2\/types\/page"}],"author":[{"embeddable":true,"href":"https:\/\/www.erbessd-instruments.com\/es\/wp-json\/wp\/v2\/users\/6"}],"replies":[{"embeddable":true,"href":"https:\/\/www.erbessd-instruments.com\/es\/wp-json\/wp\/v2\/comments?post=9824"}],"version-history":[{"count":26,"href":"https:\/\/www.erbessd-instruments.com\/es\/wp-json\/wp\/v2\/pages\/9824\/revisions"}],"predecessor-version":[{"id":10144722,"href":"https:\/\/www.erbessd-instruments.com\/es\/wp-json\/wp\/v2\/pages\/9824\/revisions\/10144722"}],"wp:attachment":[{"href":"https:\/\/www.erbessd-instruments.com\/es\/wp-json\/wp\/v2\/media?parent=9824"}],"curies":[{"name":"wp","href":"https:\/\/api.w.org\/{rel}","templated":true}]}}