{"id":12139,"date":"2019-01-23T11:18:19","date_gmt":"2019-01-23T16:18:19","guid":{"rendered":"https:\/\/www.erbessd-instruments.com\/articles"},"modified":"2024-03-14T23:47:23","modified_gmt":"2024-03-15T04:47:23","slug":"articulos","status":"publish","type":"page","link":"https:\/\/www.erbessd-instruments.com\/es\/articulos\/","title":{"rendered":"Art\u00edculos de An\u00e1lisis de Vibraci\u00f3n y Monitoreo Continuo"},"content":{"rendered":"\t\t<div data-elementor-type=\"wp-page\" data-elementor-id=\"12139\" class=\"elementor elementor-12139 elementor-12128\" data-elementor-post-type=\"page\">\n\t\t\t\t<div data-particle_enable=\"false\" data-particle-mobile-disabled=\"false\" class=\"elementor-element elementor-element-ee2e326 e-flex e-con-boxed e-con e-parent\" data-id=\"ee2e326\" data-element_type=\"container\" data-e-type=\"container\">\n\t\t\t\t\t<div class=\"e-con-inner\">\n\t\t\t\t\t<\/div>\n\t\t\t\t<\/div>\n\t\t\t\t<\/div>\n\t\t","protected":false},"excerpt":{"rendered":"","protected":false},"author":6,"featured_media":0,"parent":0,"menu_order":0,"comment_status":"closed","ping_status":"closed","template":"elementor_theme","meta":{"_acf_changed":false,"footnotes":""},"class_list":["post-12139","page","type-page","status-publish"],"acf":[],"yoast_head":"<!-- This site is optimized with the Yoast SEO Premium plugin v22.8 (Yoast SEO v27.4) - https:\/\/yoast.com\/product\/yoast-seo-premium-wordpress\/ -->\n<title>Art\u00edculos de An\u00e1lisis de Vibraci\u00f3n y Monitoreo Continuo - ERBESSD<\/title>\n<meta name=\"description\" content=\"Art\u00edculos de Erbessd Instruments. En esta secci\u00f3n encontrar\u00e1 noticias sobre productos, investigaciones y una plataforma de conocimiento.\" \/>\n<meta name=\"robots\" content=\"index, follow, max-snippet:-1, max-image-preview:large, max-video-preview:-1\" \/>\n<link rel=\"canonical\" href=\"https:\/\/www.erbessd-instruments.com\/articles\/\" \/>\n<meta property=\"og:locale\" content=\"es_ES\" \/>\n<meta property=\"og:type\" content=\"article\" \/>\n<meta property=\"og:title\" content=\"Articles - ERBESSD INSTRUMENTS\" \/>\n<meta property=\"og:description\" content=\"Art\u00edculos de Erbessd Instruments. En esta secci\u00f3n encontrar\u00e1 noticias sobre productos, investigaciones y una plataforma de conocimiento.\" \/>\n<meta property=\"og:url\" content=\"https:\/\/www.erbessd-instruments.com\/articles\/\" \/>\n<meta property=\"og:site_name\" content=\"ERBESSD INSTRUMENTS\" \/>\n<meta property=\"article:publisher\" content=\"https:\/\/www.facebook.com\/erbessdinstrumentsco\" \/>\n<meta property=\"article:modified_time\" content=\"2024-03-15T04:47:23+00:00\" \/>\n<meta name=\"twitter:card\" content=\"summary_large_image\" \/>\n<meta name=\"twitter:title\" content=\"Art\u00edculos de An\u00e1lisis de Vibraci\u00f3n y Monitoreo Continuo\" \/>\n<meta name=\"twitter:site\" content=\"@ErbessdRel\" \/>\n<meta name=\"twitter:label1\" content=\"Tiempo de lectura\" \/>\n\t<meta name=\"twitter:data1\" content=\"21 minutos\" \/>\n<!-- \/ Yoast SEO Premium plugin. -->","yoast_head_json":{"title":"Art\u00edculos de An\u00e1lisis de Vibraci\u00f3n y Monitoreo Continuo - ERBESSD","description":"Art\u00edculos de Erbessd Instruments. En esta secci\u00f3n encontrar\u00e1 noticias sobre productos, investigaciones y una plataforma de conocimiento.","robots":{"index":"index","follow":"follow","max-snippet":"max-snippet:-1","max-image-preview":"max-image-preview:large","max-video-preview":"max-video-preview:-1"},"canonical":"https:\/\/www.erbessd-instruments.com\/articles\/","og_locale":"es_ES","og_type":"article","og_title":"Articles - ERBESSD INSTRUMENTS","og_description":"Art\u00edculos de Erbessd Instruments. En esta secci\u00f3n encontrar\u00e1 noticias sobre productos, investigaciones y una plataforma de conocimiento.","og_url":"https:\/\/www.erbessd-instruments.com\/articles\/","og_site_name":"ERBESSD INSTRUMENTS","article_publisher":"https:\/\/www.facebook.com\/erbessdinstrumentsco","article_modified_time":"2024-03-15T04:47:23+00:00","twitter_card":"summary_large_image","twitter_title":"Art\u00edculos de An\u00e1lisis de Vibraci\u00f3n y Monitoreo Continuo","twitter_site":"@ErbessdRel","twitter_misc":{"Tiempo de lectura":"21 minutos"},"schema":{"@context":"https:\/\/schema.org","@graph":[{"@type":"WebPage","@id":"https:\/\/www.erbessd-instruments.com\/articles\/","url":"https:\/\/www.erbessd-instruments.com\/articles\/","name":"Art\u00edculos de An\u00e1lisis de Vibraci\u00f3n y Monitoreo Continuo - ERBESSD","isPartOf":{"@id":"https:\/\/www.erbessd-instruments.com\/#website"},"datePublished":"2019-01-23T16:18:19+00:00","dateModified":"2024-03-15T04:47:23+00:00","description":"Art\u00edculos de Erbessd Instruments. En esta secci\u00f3n encontrar\u00e1 noticias sobre productos, investigaciones y una plataforma de conocimiento.","breadcrumb":{"@id":"https:\/\/www.erbessd-instruments.com\/articles\/#breadcrumb"},"inLanguage":"es","potentialAction":[{"@type":"ReadAction","target":["https:\/\/www.erbessd-instruments.com\/articles\/"]}]},{"@type":"BreadcrumbList","@id":"https:\/\/www.erbessd-instruments.com\/articles\/#breadcrumb","itemListElement":[{"@type":"ListItem","position":1,"name":"Home","item":"https:\/\/www.erbessd-instruments.com\/es\/"},{"@type":"ListItem","position":2,"name":"Art\u00edculos de An\u00e1lisis de Vibraci\u00f3n y Monitoreo Continuo"}]},{"@type":"WebSite","@id":"https:\/\/www.erbessd-instruments.com\/#website","url":"https:\/\/www.erbessd-instruments.com\/","name":"ERBESSD INSTRUMENTS","description":"Vibration Analyzer, Online Monitoring, Video Deflection, &amp; Balancing Machine Manufacturer","publisher":{"@id":"https:\/\/www.erbessd-instruments.com\/#organization"},"potentialAction":[{"@type":"SearchAction","target":{"@type":"EntryPoint","urlTemplate":"https:\/\/www.erbessd-instruments.com\/?s={search_term_string}"},"query-input":{"@type":"PropertyValueSpecification","valueRequired":true,"valueName":"search_term_string"}}],"inLanguage":"es"},{"@type":"Organization","@id":"https:\/\/www.erbessd-instruments.com\/#organization","name":"ERBESSD INSTRUMENTS","url":"https:\/\/www.erbessd-instruments.com\/","logo":{"@type":"ImageObject","inLanguage":"es","@id":"https:\/\/www.erbessd-instruments.com\/#\/schema\/logo\/image\/","url":"https:\/\/www.erbessd-instruments.com\/wp-content\/uploads\/2021\/06\/erbessd_instruments_logo.png","contentUrl":"https:\/\/www.erbessd-instruments.com\/wp-content\/uploads\/2021\/06\/erbessd_instruments_logo.png","width":1073,"height":138,"caption":"ERBESSD INSTRUMENTS"},"image":{"@id":"https:\/\/www.erbessd-instruments.com\/#\/schema\/logo\/image\/"},"sameAs":["https:\/\/www.facebook.com\/erbessdinstrumentsco","https:\/\/x.com\/ErbessdRel","https:\/\/www.linkedin.com\/company\/erbessdinstrumentsco","https:\/\/www.pinterest.com\/4d2ab37d590061eda78ee907c11410\/","https:\/\/www.youtube.com\/channel\/UCMi2XxcHeufIw5WVkcPg98A"]}]}},"_links":{"self":[{"href":"https:\/\/www.erbessd-instruments.com\/es\/wp-json\/wp\/v2\/pages\/12139","targetHints":{"allow":["GET"]}}],"collection":[{"href":"https:\/\/www.erbessd-instruments.com\/es\/wp-json\/wp\/v2\/pages"}],"about":[{"href":"https:\/\/www.erbessd-instruments.com\/es\/wp-json\/wp\/v2\/types\/page"}],"author":[{"embeddable":true,"href":"https:\/\/www.erbessd-instruments.com\/es\/wp-json\/wp\/v2\/users\/6"}],"replies":[{"embeddable":true,"href":"https:\/\/www.erbessd-instruments.com\/es\/wp-json\/wp\/v2\/comments?post=12139"}],"version-history":[{"count":115,"href":"https:\/\/www.erbessd-instruments.com\/es\/wp-json\/wp\/v2\/pages\/12139\/revisions"}],"predecessor-version":[{"id":10141168,"href":"https:\/\/www.erbessd-instruments.com\/es\/wp-json\/wp\/v2\/pages\/12139\/revisions\/10141168"}],"wp:attachment":[{"href":"https:\/\/www.erbessd-instruments.com\/es\/wp-json\/wp\/v2\/media?parent=12139"}],"curies":[{"name":"wp","href":"https:\/\/api.w.org\/{rel}","templated":true}]}}