{"id":10143459,"date":"2024-05-15T01:00:23","date_gmt":"2024-05-15T06:00:23","guid":{"rendered":"https:\/\/www.erbessd-instruments.com\/?page_id=10143459"},"modified":"2024-05-15T01:00:25","modified_gmt":"2024-05-15T06:00:25","slug":"privacidad","status":"publish","type":"page","link":"https:\/\/www.erbessd-instruments.com\/es\/privacidad\/","title":{"rendered":"Privacidad"},"content":{"rendered":"<p>La <strong>p\u00e1gina <\/strong> de <strong>ERBESSD INSTRUMENTS\u00ae<\/strong> (<em>www.erbessd-instruments.com<\/em>), incluyendo toda la informaci\u00f3n y los materiales contenidos en \u00e9l, son gestionados por <b>ERBESSD INSTRUMENTS TECHNOLOGIES INC. EIN 86-2131913 es una S-Corporation de Nueva York regida por las leyes de los Estados Unidos de Am\u00e9rica, Estado de Nueva York, Condado de Warren.<\/b>, si desea contactarnos, puede hacerlo a trav\u00e9s de <b>www.erbessd-instruments.com.<\/b><\/p>\n<h2>CONSENTIMIENTO<\/h2>\n<p><strong>ERBESSD INSTRUMENTS\u00ae<\/strong> se compromete a garantizar la privacidad de todos sus usuarios. Esta Pol\u00edtica de Privacidad se aplica a todas las p\u00e1ginas del <strong>Sitio Web<\/strong> de <strong>ERBESSD INSTRUMENTS<\/strong><strong>\u00ae<\/strong>, incluidos los sitios web de otras filiales de <strong>ERBESSD INSTRUMENTS<\/strong>\u00ae, organizaciones relacionadas o sitios de terceros. El <strong>Sitio Web<\/strong> de <strong>ERBESSD INSTRUMENTS<\/strong><strong>\u00ae<\/strong> puede enlazar con estos sitios de terceros, los cuales pueden tener su propia pol\u00edtica de privacidad.<\/p>\n<p>Al utilizar el <strong>Sitio Web<\/strong> de <strong>ERBESSD INSTRUMENTS<\/strong><strong>\u00ae<\/strong>, aceptas los t\u00e9rminos de esta Pol\u00edtica de Privacidad. Los t\u00e9rminos de <strong>ERBESSD INSTRUMENTS<\/strong><strong>\u00ae<\/strong> pueden cambiar de vez en cuando. Cuando esto ocurra, puedes comunicarte con una nota en nuestro sitio web para que puedas estar informado. Cada vez que uses nuestro sitio web, se aplicar\u00e1n los t\u00e9rminos actuales de la Pol\u00edtica de Privacidad seg\u00fan los cambios realizados en todo momento.<\/p>\n<h2>\u00bfQU\u00c9 TIPO DE INFORMACI\u00d3N RECOPILAMOS?<\/h2>\n<p><strong>ERBESSD INSTRUMENTS\u00ae<\/strong> obtiene informaci\u00f3n de contacto solo a trav\u00e9s de sus <strong>Formularios de Contacto<\/strong> (<em>como<\/em> <em><a href=\"https:\/\/www.erbessd-instruments.com\/contact\/\/\">contacto<\/a><\/em>), y mediante el <strong>seguimiento de IP<\/strong> registrado en la p\u00e1gina. La informaci\u00f3n obtenida es solo la que el usuario desea proporcionar. Puedes acceder a la mayor\u00eda de las p\u00e1ginas sin revelar tu identidad o detalles personales. Nuestros servidores almacenan archivos de registro de forma an\u00f3nima durante las visitas realizadas por usuarios a nuestro sitio web. Esta informaci\u00f3n se utiliza para crear estad\u00edsticas agregadas, por ejemplo, al acceder al sitio, las p\u00e1ginas que remiten al cliente al sitio, el tipo de navegador utilizado por nuestros visitantes y nuestras p\u00e1ginas web que visitan. Estas estad\u00edsticas nos ayudan a comprender el uso del sitio web y nos proporcionan informaci\u00f3n valiosa para su mejora.<\/p>\n<p>No recopilamos informaci\u00f3n que identifique a ninguna persona que visite el sitio web de <strong>ERBESSD INSTRUMENTS<\/strong><strong>\u00ae<\/strong> (como su nombre, direcci\u00f3n, n\u00famero de tel\u00e9fono o direcci\u00f3n de correo electr\u00f3nico) a menos que el usuario elija proporcionarla, por ejemplo, expresando inter\u00e9s en obtener una cotizaci\u00f3n o registr\u00e1ndose en alguno de nuestros servicios.<\/p>\n<p>Para estos servicios, recopilamos informaci\u00f3n personal como:<\/p>\n<ul>\n<li>Nombre y apellido<\/li>\n<li>Email y\/o N\u00fameros telef\u00f3nicos (local\/m\u00f3vil)<\/li>\n<li>Regi\u00f3n y\/o Pa\u00eds de residencia<\/li>\n<li>Compa\u00f1ia, Organizaci\u00f3n o \u00c1rea de trabajo<\/li>\n<li>Preferencias e intereses<\/li>\n<\/ul>\n<h5>Algunos o todos estos datos pueden ser recopilados dependiendo del servicio.<\/h5>\n<h2>\u00bfC\u00d3MO UTILIZAMOS LA INFORMACI\u00d3N RECOPILADA?<\/h2>\n<p>Tu informaci\u00f3n personal ser\u00e1 retenida por <strong>ERBESSD INSTRUMENTS<\/strong><strong>\u00ae<\/strong> y sus proveedores de servicios en un entorno seguro, se le dar\u00e1 un tratamiento confidencial a todos los datos obtenidos y se utilizar\u00e1 \u00fanicamente para los fines para los cuales fue proporcionada.<\/p>\n<p>Por ejemplo, los datos proporcionados para obtener una cotizaci\u00f3n se utilizar\u00e1n \u00fanicamente para ese fin. Adem\u00e1s, tu informaci\u00f3n personal puede ser utilizada con fines de marketing, como campa\u00f1as de correo, ofertas de productos y servicios, invitaciones, descuentos, actualizaciones de productos, etc.<\/p>\n<p>En caso de que recibas este tipo de informaci\u00f3n y la consideres in\u00fatil o simplemente no desees recibirla, por favor t\u00f3mate un minuto y env\u00edanos un correo electr\u00f3nico a info@erbessd-instruments.com con el asunto &#8220;Eliminar mi correo electr\u00f3nico&#8221; e indicando la direcci\u00f3n de correo electr\u00f3nico que deseas eliminar.<\/p>\n<h2>USO DE &#8220;COOKIES&#8221;<\/h2>\n<p>Una &#8220;cookie&#8221; es una informaci\u00f3n de texto \u00fanicamente que un sitio web transfiere al disco duro de tu computadora para que el sitio web pueda recordar qui\u00e9n eres. Una cookie normalmente contendr\u00e1 el nombre del dominio de Internet desde el cual ingresaste, la fecha de vencimiento de la cookie y un valor, generalmente un n\u00famero \u00fanico generado aleatoriamente<\/p>\n<p>El <strong>sitio web<\/strong> de <strong>ERBESSD INSTRUMENTS\u00ae <\/strong> utiliza algunas cookies y recopila direcciones IP (una direcci\u00f3n IP es un n\u00famero que identifica un equipo inform\u00e1tico espec\u00edfico u otro dispositivo de red en Internet) exclusivamente con fines estad\u00edsticos y de seguridad. El software de an\u00e1lisis de <strong>ERBESSD INSTRUMENTS<\/strong><strong>\u00ae<\/strong> utiliza la informaci\u00f3n de tu direcci\u00f3n IP para mejorar tu experiencia de usuario. Esta informaci\u00f3n no se utiliza para crear un perfil personal del usuario y los archivos de registro se eliminan peri\u00f3dicamente.<\/p>\n","protected":false},"excerpt":{"rendered":"<p>La p\u00e1gina de ERBESSD INSTRUMENTS\u00ae (www.erbessd-instruments.com), incluyendo toda la informaci\u00f3n y los materiales contenidos en \u00e9l, son gestionados por ERBESSD INSTRUMENTS TECHNOLOGIES INC. EIN 86-2131913 es una S-Corporation de Nueva York regida por las leyes de los Estados Unidos de Am\u00e9rica, Estado de Nueva York, Condado de Warren., si desea contactarnos, puede hacerlo a trav\u00e9s &#8230; <a title=\"Privacidad\" class=\"read-more\" href=\"https:\/\/www.erbessd-instruments.com\/es\/privacidad\/\" aria-label=\"Leer m\u00e1s sobre Privacidad\">Leer m\u00e1s<\/a><\/p>\n","protected":false},"author":15,"featured_media":0,"parent":0,"menu_order":0,"comment_status":"closed","ping_status":"closed","template":"","meta":{"_acf_changed":false,"footnotes":""},"class_list":["post-10143459","page","type-page","status-publish"],"acf":[],"yoast_head":"<!-- This site is optimized with the Yoast SEO Premium plugin v22.8 (Yoast SEO v27.3) - https:\/\/yoast.com\/product\/yoast-seo-premium-wordpress\/ -->\n<title>Privacidad &#8211; ERBESSD INSTRUMENTS<\/title>\n<meta name=\"description\" content=\"ERBESSD INSTRUMENTS - Masters of Machine Health - Pol\u00edtica de Privacidad\" \/>\n<meta name=\"robots\" content=\"index, follow, max-snippet:-1, max-image-preview:large, max-video-preview:-1\" \/>\n<link rel=\"canonical\" href=\"https:\/\/www.erbessd-instruments.com\/es\/privacidad\/\" \/>\n<meta property=\"og:locale\" content=\"es_ES\" \/>\n<meta property=\"og:type\" content=\"article\" \/>\n<meta property=\"og:title\" content=\"Privacidad\" \/>\n<meta property=\"og:description\" content=\"ERBESSD INSTRUMENTS - Masters of Machine Health - Pol\u00edtica de Privacidad\" \/>\n<meta property=\"og:url\" content=\"https:\/\/www.erbessd-instruments.com\/es\/privacidad\/\" \/>\n<meta property=\"og:site_name\" content=\"ERBESSD INSTRUMENTS\" \/>\n<meta property=\"article:publisher\" content=\"https:\/\/www.facebook.com\/erbessdinstrumentsco\" \/>\n<meta property=\"article:modified_time\" content=\"2024-05-15T06:00:25+00:00\" \/>\n<meta name=\"twitter:card\" content=\"summary_large_image\" \/>\n<meta name=\"twitter:site\" content=\"@ErbessdRel\" \/>\n<meta name=\"twitter:label1\" content=\"Tiempo de lectura\" \/>\n\t<meta name=\"twitter:data1\" content=\"4 minutos\" \/>\n<!-- \/ Yoast SEO Premium plugin. -->","yoast_head_json":{"title":"Privacidad &#8211; ERBESSD INSTRUMENTS","description":"ERBESSD INSTRUMENTS - Masters of Machine Health - Pol\u00edtica de Privacidad","robots":{"index":"index","follow":"follow","max-snippet":"max-snippet:-1","max-image-preview":"max-image-preview:large","max-video-preview":"max-video-preview:-1"},"canonical":"https:\/\/www.erbessd-instruments.com\/es\/privacidad\/","og_locale":"es_ES","og_type":"article","og_title":"Privacidad","og_description":"ERBESSD INSTRUMENTS - Masters of Machine Health - Pol\u00edtica de Privacidad","og_url":"https:\/\/www.erbessd-instruments.com\/es\/privacidad\/","og_site_name":"ERBESSD INSTRUMENTS","article_publisher":"https:\/\/www.facebook.com\/erbessdinstrumentsco","article_modified_time":"2024-05-15T06:00:25+00:00","twitter_card":"summary_large_image","twitter_site":"@ErbessdRel","twitter_misc":{"Tiempo de lectura":"4 minutos"},"schema":{"@context":"https:\/\/schema.org","@graph":[{"@type":"WebPage","@id":"https:\/\/www.erbessd-instruments.com\/es\/privacidad\/","url":"https:\/\/www.erbessd-instruments.com\/es\/privacidad\/","name":"Privacidad &#8211; ERBESSD INSTRUMENTS","isPartOf":{"@id":"https:\/\/www.erbessd-instruments.com\/#website"},"datePublished":"2024-05-15T06:00:23+00:00","dateModified":"2024-05-15T06:00:25+00:00","description":"ERBESSD INSTRUMENTS - Masters of Machine Health - Pol\u00edtica de Privacidad","breadcrumb":{"@id":"https:\/\/www.erbessd-instruments.com\/es\/privacidad\/#breadcrumb"},"inLanguage":"es","potentialAction":[{"@type":"ReadAction","target":["https:\/\/www.erbessd-instruments.com\/es\/privacidad\/"]}]},{"@type":"BreadcrumbList","@id":"https:\/\/www.erbessd-instruments.com\/es\/privacidad\/#breadcrumb","itemListElement":[{"@type":"ListItem","position":1,"name":"Home","item":"https:\/\/www.erbessd-instruments.com\/es\/"},{"@type":"ListItem","position":2,"name":"Privacidad"}]},{"@type":"WebSite","@id":"https:\/\/www.erbessd-instruments.com\/#website","url":"https:\/\/www.erbessd-instruments.com\/","name":"ERBESSD INSTRUMENTS","description":"Vibration Analyzer, Online Monitoring, Video Deflection, &amp; Balancing Machine Manufacturer","publisher":{"@id":"https:\/\/www.erbessd-instruments.com\/#organization"},"potentialAction":[{"@type":"SearchAction","target":{"@type":"EntryPoint","urlTemplate":"https:\/\/www.erbessd-instruments.com\/?s={search_term_string}"},"query-input":{"@type":"PropertyValueSpecification","valueRequired":true,"valueName":"search_term_string"}}],"inLanguage":"es"},{"@type":"Organization","@id":"https:\/\/www.erbessd-instruments.com\/#organization","name":"ERBESSD INSTRUMENTS","url":"https:\/\/www.erbessd-instruments.com\/","logo":{"@type":"ImageObject","inLanguage":"es","@id":"https:\/\/www.erbessd-instruments.com\/#\/schema\/logo\/image\/","url":"https:\/\/www.erbessd-instruments.com\/wp-content\/uploads\/2021\/06\/erbessd_instruments_logo.png","contentUrl":"https:\/\/www.erbessd-instruments.com\/wp-content\/uploads\/2021\/06\/erbessd_instruments_logo.png","width":1073,"height":138,"caption":"ERBESSD INSTRUMENTS"},"image":{"@id":"https:\/\/www.erbessd-instruments.com\/#\/schema\/logo\/image\/"},"sameAs":["https:\/\/www.facebook.com\/erbessdinstrumentsco","https:\/\/x.com\/ErbessdRel","https:\/\/www.linkedin.com\/company\/erbessdinstrumentsco","https:\/\/www.pinterest.com\/4d2ab37d590061eda78ee907c11410\/","https:\/\/www.youtube.com\/channel\/UCMi2XxcHeufIw5WVkcPg98A"]}]}},"_links":{"self":[{"href":"https:\/\/www.erbessd-instruments.com\/es\/wp-json\/wp\/v2\/pages\/10143459","targetHints":{"allow":["GET"]}}],"collection":[{"href":"https:\/\/www.erbessd-instruments.com\/es\/wp-json\/wp\/v2\/pages"}],"about":[{"href":"https:\/\/www.erbessd-instruments.com\/es\/wp-json\/wp\/v2\/types\/page"}],"author":[{"embeddable":true,"href":"https:\/\/www.erbessd-instruments.com\/es\/wp-json\/wp\/v2\/users\/15"}],"replies":[{"embeddable":true,"href":"https:\/\/www.erbessd-instruments.com\/es\/wp-json\/wp\/v2\/comments?post=10143459"}],"version-history":[{"count":1,"href":"https:\/\/www.erbessd-instruments.com\/es\/wp-json\/wp\/v2\/pages\/10143459\/revisions"}],"predecessor-version":[{"id":10143460,"href":"https:\/\/www.erbessd-instruments.com\/es\/wp-json\/wp\/v2\/pages\/10143459\/revisions\/10143460"}],"wp:attachment":[{"href":"https:\/\/www.erbessd-instruments.com\/es\/wp-json\/wp\/v2\/media?parent=10143459"}],"curies":[{"name":"wp","href":"https:\/\/api.w.org\/{rel}","templated":true}]}}