{"id":10139298,"date":"2024-02-02T14:02:58","date_gmt":"2024-02-02T19:02:58","guid":{"rendered":"https:\/\/www.erbessd-instruments.com\/?page_id=10139298"},"modified":"2024-07-21T13:17:23","modified_gmt":"2024-07-21T18:17:23","slug":"estudios-de-caso","status":"publish","type":"page","link":"https:\/\/www.erbessd-instruments.com\/es\/estudios-de-caso\/","title":{"rendered":"Estudio de caso"},"content":{"rendered":"\t\t<div data-elementor-type=\"wp-page\" data-elementor-id=\"10139298\" class=\"elementor elementor-10139298 elementor-10139282\" data-elementor-post-type=\"page\">\n\t\t\t\t<div data-particle_enable=\"false\" data-particle-mobile-disabled=\"false\" class=\"elementor-element elementor-element-02594df e-flex e-con-boxed e-con e-parent\" data-id=\"02594df\" data-element_type=\"container\" data-e-type=\"container\">\n\t\t\t\t\t<div class=\"e-con-inner\">\n\t\t\t\t<div class=\"elementor-element elementor-element-a554292 elementor--h-position-center elementor--v-position-middle elementor-arrows-position-inside elementor-pagination-position-inside elementor-widget elementor-widget-slides\" data-id=\"a554292\" data-element_type=\"widget\" data-e-type=\"widget\" data-settings=\"{&quot;navigation&quot;:&quot;both&quot;,&quot;transition&quot;:&quot;slide&quot;,&quot;transition_speed&quot;:500}\" data-widget_type=\"slides.default\">\n\t\t\t\t<div class=\"elementor-widget-container\">\n\t\t\t\t\t\t\t\t\t<div class=\"elementor-swiper\">\n\t\t\t\t\t<div class=\"elementor-slides-wrapper elementor-main-swiper swiper\" role=\"region\" aria-roledescription=\"carousel\" aria-label=\"Diapositivas\" dir=\"ltr\" data-animation=\"fadeInUp\">\n\t\t\t\t<div class=\"swiper-wrapper elementor-slides\">\n\t\t\t\t\t\t\t\t\t\t<div class=\"elementor-repeater-item-bc5070e swiper-slide\" role=\"group\" aria-roledescription=\"slide\"><div class=\"swiper-slide-bg\" role=\"img\" aria-label=\"case studies for erbessd isntruments\"><\/div><div class=\"swiper-slide-inner\" ><div class=\"swiper-slide-contents\"><div class=\"elementor-slide-heading\">ESTUDIOS DE CASO<\/div><\/div><\/div><\/div>\t\t\t\t<\/div>\n\t\t\t\t\t\t\t<\/div>\n\t\t\t\t<\/div>\n\t\t\t\t\t\t\t\t<\/div>\n\t\t\t\t<\/div>\n\t\t\t\t\t<\/div>\n\t\t\t\t<\/div>\n\t\t<div data-particle_enable=\"false\" data-particle-mobile-disabled=\"false\" class=\"elementor-element elementor-element-2d9f76c e-flex e-con-boxed e-con e-parent\" data-id=\"2d9f76c\" data-element_type=\"container\" data-e-type=\"container\">\n\t\t\t\t\t<div class=\"e-con-inner\">\n\t\t\t\t<div class=\"elementor-element elementor-element-16e9bc6 elementor-widget elementor-widget-text-editor\" data-id=\"16e9bc6\" data-element_type=\"widget\" data-e-type=\"widget\" data-widget_type=\"text-editor.default\">\n\t\t\t\t<div class=\"elementor-widget-container\">\n\t\t\t\t\t\t\t\t\t<p>Nada habla mejor que ejemplos reales de c\u00f3mo el an\u00e1lisis de vibraci\u00f3n, el monitoreo de condici\u00f3n y y el balanceo din\u00e1mico han revolucionado la industria. Descubre c\u00f3mo nuestra tecnolog\u00eda de vanguardia y nuestra experiencia han ayudado a las organizaciones a optimizar el rendimiento de la maquinaria, reducir el tiempo de inactividad y mejorar la productividad.<\/p>\t\t\t\t\t\t\t\t<\/div>\n\t\t\t\t<\/div>\n\t\t\t\t\t<\/div>\n\t\t\t\t<\/div>\n\t\t<div data-particle_enable=\"false\" data-particle-mobile-disabled=\"false\" class=\"elementor-element elementor-element-a97058f e-flex e-con-boxed e-con e-parent\" data-id=\"a97058f\" data-element_type=\"container\" data-e-type=\"container\">\n\t\t\t\t\t<div class=\"e-con-inner\">\n\t\t\t\t\t<\/div>\n\t\t\t\t<\/div>\n\t\t\t\t<\/div>\n\t\t","protected":false},"excerpt":{"rendered":"<p>ESTUDIOS DE CASO Nada habla mejor que ejemplos reales de c\u00f3mo el an\u00e1lisis de vibraci\u00f3n, el monitoreo de condici\u00f3n y y el balanceo din\u00e1mico han revolucionado la industria. Descubre c\u00f3mo nuestra tecnolog\u00eda de vanguardia y nuestra experiencia han ayudado a las organizaciones a optimizar el rendimiento de la maquinaria, reducir el tiempo de inactividad y &#8230; <a title=\"Estudio de caso\" class=\"read-more\" href=\"https:\/\/www.erbessd-instruments.com\/es\/estudios-de-caso\/\" aria-label=\"Leer m\u00e1s sobre Estudio de caso\">Leer m\u00e1s<\/a><\/p>\n","protected":false},"author":6,"featured_media":0,"parent":0,"menu_order":0,"comment_status":"closed","ping_status":"closed","template":"","meta":{"_acf_changed":false,"footnotes":""},"class_list":["post-10139298","page","type-page","status-publish"],"acf":[],"yoast_head":"<!-- This site is optimized with the Yoast SEO Premium plugin v22.8 (Yoast SEO v27.4) - https:\/\/yoast.com\/product\/yoast-seo-premium-wordpress\/ -->\n<title>Estudio de caso &#8211; ERBESSD INSTRUMENTS<\/title>\n<meta name=\"description\" content=\"ESTUDIOS DE CASO Nada habla mejor que ejemplos reales de c\u00f3mo el an\u00e1lisis de vibraci\u00f3n, el monitoreo de condici\u00f3n y y el balanceo din\u00e1mico han &#8211; ERBESSD INSTRUMENTS\" \/>\n<meta name=\"robots\" content=\"index, follow, max-snippet:-1, max-image-preview:large, max-video-preview:-1\" \/>\n<link rel=\"canonical\" href=\"https:\/\/www.erbessd-instruments.com\/es\/estudios-de-caso\/\" \/>\n<meta property=\"og:locale\" content=\"es_ES\" \/>\n<meta property=\"og:type\" content=\"article\" \/>\n<meta property=\"og:title\" content=\"Estudio de caso\" \/>\n<meta property=\"og:description\" content=\"ESTUDIOS DE CASO Nada habla mejor que ejemplos reales de c\u00f3mo el an\u00e1lisis de vibraci\u00f3n, el monitoreo de condici\u00f3n y y el balanceo din\u00e1mico han &#8211; ERBESSD INSTRUMENTS\" \/>\n<meta property=\"og:url\" content=\"https:\/\/www.erbessd-instruments.com\/es\/estudios-de-caso\/\" \/>\n<meta property=\"og:site_name\" content=\"ERBESSD INSTRUMENTS\" \/>\n<meta property=\"article:publisher\" content=\"https:\/\/www.facebook.com\/erbessdinstrumentsco\" \/>\n<meta property=\"article:modified_time\" content=\"2024-07-21T18:17:23+00:00\" \/>\n<meta name=\"twitter:card\" content=\"summary_large_image\" \/>\n<meta name=\"twitter:site\" content=\"@ErbessdRel\" \/>\n<meta name=\"twitter:label1\" content=\"Tiempo de lectura\" \/>\n\t<meta name=\"twitter:data1\" content=\"4 minutos\" \/>\n<!-- \/ Yoast SEO Premium plugin. -->","yoast_head_json":{"title":"Estudio de caso &#8211; ERBESSD INSTRUMENTS","description":"ESTUDIOS DE CASO Nada habla mejor que ejemplos reales de c\u00f3mo el an\u00e1lisis de vibraci\u00f3n, el monitoreo de condici\u00f3n y y el balanceo din\u00e1mico han &#8211; ERBESSD INSTRUMENTS","robots":{"index":"index","follow":"follow","max-snippet":"max-snippet:-1","max-image-preview":"max-image-preview:large","max-video-preview":"max-video-preview:-1"},"canonical":"https:\/\/www.erbessd-instruments.com\/es\/estudios-de-caso\/","og_locale":"es_ES","og_type":"article","og_title":"Estudio de caso","og_description":"ESTUDIOS DE CASO Nada habla mejor que ejemplos reales de c\u00f3mo el an\u00e1lisis de vibraci\u00f3n, el monitoreo de condici\u00f3n y y el balanceo din\u00e1mico han &#8211; ERBESSD INSTRUMENTS","og_url":"https:\/\/www.erbessd-instruments.com\/es\/estudios-de-caso\/","og_site_name":"ERBESSD INSTRUMENTS","article_publisher":"https:\/\/www.facebook.com\/erbessdinstrumentsco","article_modified_time":"2024-07-21T18:17:23+00:00","twitter_card":"summary_large_image","twitter_site":"@ErbessdRel","twitter_misc":{"Tiempo de lectura":"4 minutos"},"schema":{"@context":"https:\/\/schema.org","@graph":[{"@type":"WebPage","@id":"https:\/\/www.erbessd-instruments.com\/es\/estudios-de-caso\/","url":"https:\/\/www.erbessd-instruments.com\/es\/estudios-de-caso\/","name":"Estudio de caso &#8211; ERBESSD INSTRUMENTS","isPartOf":{"@id":"https:\/\/www.erbessd-instruments.com\/#website"},"datePublished":"2024-02-02T19:02:58+00:00","dateModified":"2024-07-21T18:17:23+00:00","description":"ESTUDIOS DE CASO Nada habla mejor que ejemplos reales de c\u00f3mo el an\u00e1lisis de vibraci\u00f3n, el monitoreo de condici\u00f3n y y el balanceo din\u00e1mico han &#8211; ERBESSD INSTRUMENTS","breadcrumb":{"@id":"https:\/\/www.erbessd-instruments.com\/es\/estudios-de-caso\/#breadcrumb"},"inLanguage":"es","potentialAction":[{"@type":"ReadAction","target":["https:\/\/www.erbessd-instruments.com\/es\/estudios-de-caso\/"]}]},{"@type":"BreadcrumbList","@id":"https:\/\/www.erbessd-instruments.com\/es\/estudios-de-caso\/#breadcrumb","itemListElement":[{"@type":"ListItem","position":1,"name":"Home","item":"https:\/\/www.erbessd-instruments.com\/es\/"},{"@type":"ListItem","position":2,"name":"Estudio de caso"}]},{"@type":"WebSite","@id":"https:\/\/www.erbessd-instruments.com\/#website","url":"https:\/\/www.erbessd-instruments.com\/","name":"ERBESSD INSTRUMENTS","description":"Vibration Analyzer, Online Monitoring, Video Deflection, &amp; Balancing Machine Manufacturer","publisher":{"@id":"https:\/\/www.erbessd-instruments.com\/#organization"},"potentialAction":[{"@type":"SearchAction","target":{"@type":"EntryPoint","urlTemplate":"https:\/\/www.erbessd-instruments.com\/?s={search_term_string}"},"query-input":{"@type":"PropertyValueSpecification","valueRequired":true,"valueName":"search_term_string"}}],"inLanguage":"es"},{"@type":"Organization","@id":"https:\/\/www.erbessd-instruments.com\/#organization","name":"ERBESSD INSTRUMENTS","url":"https:\/\/www.erbessd-instruments.com\/","logo":{"@type":"ImageObject","inLanguage":"es","@id":"https:\/\/www.erbessd-instruments.com\/#\/schema\/logo\/image\/","url":"https:\/\/www.erbessd-instruments.com\/wp-content\/uploads\/2021\/06\/erbessd_instruments_logo.png","contentUrl":"https:\/\/www.erbessd-instruments.com\/wp-content\/uploads\/2021\/06\/erbessd_instruments_logo.png","width":1073,"height":138,"caption":"ERBESSD INSTRUMENTS"},"image":{"@id":"https:\/\/www.erbessd-instruments.com\/#\/schema\/logo\/image\/"},"sameAs":["https:\/\/www.facebook.com\/erbessdinstrumentsco","https:\/\/x.com\/ErbessdRel","https:\/\/www.linkedin.com\/company\/erbessdinstrumentsco","https:\/\/www.pinterest.com\/4d2ab37d590061eda78ee907c11410\/","https:\/\/www.youtube.com\/channel\/UCMi2XxcHeufIw5WVkcPg98A"]}]}},"_links":{"self":[{"href":"https:\/\/www.erbessd-instruments.com\/es\/wp-json\/wp\/v2\/pages\/10139298","targetHints":{"allow":["GET"]}}],"collection":[{"href":"https:\/\/www.erbessd-instruments.com\/es\/wp-json\/wp\/v2\/pages"}],"about":[{"href":"https:\/\/www.erbessd-instruments.com\/es\/wp-json\/wp\/v2\/types\/page"}],"author":[{"embeddable":true,"href":"https:\/\/www.erbessd-instruments.com\/es\/wp-json\/wp\/v2\/users\/6"}],"replies":[{"embeddable":true,"href":"https:\/\/www.erbessd-instruments.com\/es\/wp-json\/wp\/v2\/comments?post=10139298"}],"version-history":[{"count":18,"href":"https:\/\/www.erbessd-instruments.com\/es\/wp-json\/wp\/v2\/pages\/10139298\/revisions"}],"predecessor-version":[{"id":10142719,"href":"https:\/\/www.erbessd-instruments.com\/es\/wp-json\/wp\/v2\/pages\/10139298\/revisions\/10142719"}],"wp:attachment":[{"href":"https:\/\/www.erbessd-instruments.com\/es\/wp-json\/wp\/v2\/media?parent=10139298"}],"curies":[{"name":"wp","href":"https:\/\/api.w.org\/{rel}","templated":true}]}}