{"id":10150171,"date":"2025-04-28T15:42:34","date_gmt":"2025-04-28T20:42:34","guid":{"rendered":"https:\/\/www.erbessd-instruments.com\/?page_id=10150171"},"modified":"2025-04-28T15:47:36","modified_gmt":"2025-04-28T20:47:36","slug":"opc-ua-tutorial","status":"publish","type":"page","link":"https:\/\/www.erbessd-instruments.com\/de\/opc-ua-tutorial\/","title":{"rendered":"OPC UA Tutorial"},"content":{"rendered":"\t\t<div data-elementor-type=\"wp-page\" data-elementor-id=\"10150171\" class=\"elementor elementor-10150171 elementor-10128978\" data-elementor-post-type=\"page\">\n\t\t\t\t\t\t<section data-particle_enable=\"false\" data-particle-mobile-disabled=\"false\" class=\"elementor-section elementor-top-section elementor-element elementor-element-2948ea6 elementor-section-boxed elementor-section-height-default elementor-section-height-default\" data-id=\"2948ea6\" data-element_type=\"section\" data-e-type=\"section\">\n\t\t\t\t\t\t<div class=\"elementor-container elementor-column-gap-default\">\n\t\t\t\t\t<div class=\"elementor-column elementor-col-100 elementor-top-column elementor-element elementor-element-c73df14\" data-id=\"c73df14\" data-element_type=\"column\" data-e-type=\"column\">\n\t\t\t<div class=\"elementor-widget-wrap elementor-element-populated\">\n\t\t\t\t\t\t<div class=\"elementor-element elementor-element-1af1742 elementor-widget elementor-widget-text-editor\" data-id=\"1af1742\" data-element_type=\"widget\" data-e-type=\"widget\" data-widget_type=\"text-editor.default\">\n\t\t\t\t<div class=\"elementor-widget-container\">\n\t\t\t\t\t\t\t\t\t<h1 style=\"font-style: normal; text-align: justify;\">Erbessd Phantom OPC UA<\/h1><p style=\"text-align: justify;\"><a href=\"https:\/\/www.erbessd-instruments.com\/vibration-monitoring\">Zur Phantom Hauptseite<\/a><\/p>\t\t\t\t\t\t\t\t<\/div>\n\t\t\t\t<\/div>\n\t\t\t\t<div class=\"elementor-element elementor-element-f9ef899 elementor-widget elementor-widget-text-editor\" data-id=\"f9ef899\" data-element_type=\"widget\" data-e-type=\"widget\" data-widget_type=\"text-editor.default\">\n\t\t\t\t<div class=\"elementor-widget-container\">\n\t\t\t\t\t\t\t\t\t<p>Die Gateway-Version 2 f\u00fcr das drahtlose Sensorsystem <b>Erbessd Instruments Phantom\u00ae<\/b> unterst\u00fctzt das industrielle OPC-UA-Protokoll. Alle verarbeiteten Sensordaten sind \u00fcber OPC verf\u00fcgbar. Aufgrund der Funktionsweise des OPC-UA-Protokolls sind vollst\u00e4ndige Zeitbereichs-Signale oder FFTs jedoch nicht verf\u00fcgbar.-<\/p><p class=\"\" data-start=\"337\" data-end=\"422\">Das Gateway fungiert als OPC-UA-Server und wartet auf TCP-Verbindungen auf Port 4334.<\/p><p class=\"\" data-start=\"337\" data-end=\"422\"><span style=\"color: #313b77; font-family: 'Roboto Condensed', sans-serif; font-size: 35px; font-style: inherit; font-weight: bold;\">Aktivierung des OPC-Servers<\/span><\/p><p>Um den OPC UA-Server zu aktivieren, \u00f6ffnen Sie die Admin-Konsole des Gateway 2 und aktivieren Sie ihn auf der Seite \u201eGeneral\u201c, indem Sie das Kontrollk\u00e4stchen \u201eEnable OPC UA Server\u201c anklicken. Klicken Sie anschlie\u00dfend auf \u201eSave\u201c und das Gateway wird neu gestartet. Nach dem Neustart ist der OPC UA-Server einsatzbereit.<\/p>\t\t\t\t\t\t\t\t<\/div>\n\t\t\t\t<\/div>\n\t\t\t\t<div class=\"elementor-element elementor-element-f8488cc elementor-widget elementor-widget-image\" data-id=\"f8488cc\" data-element_type=\"widget\" data-e-type=\"widget\" data-widget_type=\"image.default\">\n\t\t\t\t<div class=\"elementor-widget-container\">\n\t\t\t\t\t\t\t\t\t\t\t\t\t\t\t<img fetchpriority=\"high\" decoding=\"async\" width=\"737\" height=\"713\" src=\"https:\/\/www.erbessd-instruments.com\/wp-content\/uploads\/2023\/03\/OPCUAEnable.png\" class=\"attachment-large size-large wp-image-10128985\" alt=\"\" srcset=\"https:\/\/www.erbessd-instruments.com\/wp-content\/uploads\/2023\/03\/OPCUAEnable.png 737w, https:\/\/www.erbessd-instruments.com\/wp-content\/uploads\/2023\/03\/OPCUAEnable-300x290.png 300w\" sizes=\"(max-width: 737px) 100vw, 737px\" \/>\t\t\t\t\t\t\t\t\t\t\t\t\t\t\t<\/div>\n\t\t\t\t<\/div>\n\t\t\t\t<div class=\"elementor-element elementor-element-4650a2a elementor-widget elementor-widget-text-editor\" data-id=\"4650a2a\" data-element_type=\"widget\" data-e-type=\"widget\" data-widget_type=\"text-editor.default\">\n\t\t\t\t<div class=\"elementor-widget-container\">\n\t\t\t\t\t\t\t\t\t<p>Sie k\u00f6nnen den OPC UA-Server gleichzeitig mit allen anderen vom Gateway unterst\u00fctzten Protokollen verwenden, einschlie\u00dflich EI Analytic, EI Monitor, MQTT und Modbus.<\/p><p class=\"\" data-start=\"228\" data-end=\"551\">Nachdem der OPC UA-Server aktiviert wurde, k\u00f6nnen Sie mit einem OPC UA-Client \u00fcber die folgende URL auf den Server zugreifen:<br data-start=\"353\" data-end=\"356\" \/><strong data-start=\"356\" data-end=\"399\">opc.tcp:\/\/192.168.1.2:4334\/UA\/PhantomGW<\/strong><br data-start=\"399\" data-end=\"402\" \/>wobei <strong data-start=\"408\" data-end=\"423\">192.168.1.2<\/strong> durch die IP-Adresse Ihres Gateways ersetzt werden muss. Verwenden Sie dabei \u201eSecurity Mode: None\u201c und \u201eSecurity Policy: None\u201c.<\/p><p class=\"\" data-start=\"553\" data-end=\"820\">Die Struktur des OPC UA-Servers ist baumartig aufgebaut. Beim Phantom-Gateway finden Sie in &#8220;Root&#8221; einen Ordner \u201eObjects\u201c, unter dem alle Sensor-Seriennummern angezeigt werden. Unter jeder Seriennummer befinden sich je nach Sensortyp verschiedene Variablen.<\/p>\t\t\t\t\t\t\t\t<\/div>\n\t\t\t\t<\/div>\n\t\t\t\t<div class=\"elementor-element elementor-element-b38c925 elementor-widget elementor-widget-image\" data-id=\"b38c925\" data-element_type=\"widget\" data-e-type=\"widget\" data-widget_type=\"image.default\">\n\t\t\t\t<div class=\"elementor-widget-container\">\n\t\t\t\t\t\t\t\t\t\t\t\t\t\t\t<img decoding=\"async\" width=\"600\" height=\"377\" src=\"https:\/\/www.erbessd-instruments.com\/wp-content\/uploads\/2023\/03\/OPCTree.jpg\" class=\"attachment-large size-large wp-image-10129020\" alt=\"\" srcset=\"https:\/\/www.erbessd-instruments.com\/wp-content\/uploads\/2023\/03\/OPCTree.jpg 600w, https:\/\/www.erbessd-instruments.com\/wp-content\/uploads\/2023\/03\/OPCTree-300x189.jpg 300w\" sizes=\"(max-width: 600px) 100vw, 600px\" \/>\t\t\t\t\t\t\t\t\t\t\t\t\t\t\t<\/div>\n\t\t\t\t<\/div>\n\t\t\t\t<div class=\"elementor-element elementor-element-fc5ed13 elementor-widget elementor-widget-text-editor\" data-id=\"fc5ed13\" data-element_type=\"widget\" data-e-type=\"widget\" data-widget_type=\"text-editor.default\">\n\t\t\t\t<div class=\"elementor-widget-container\">\n\t\t\t\t\t\t\t\t\t<h2>Variablen<\/h2><p>Die Typ-Variable enth\u00e4lt den Sensortyp gem\u00e4\u00df der folgenden Tabelle:<\/p><table><tbody><tr><td width=\"368\">3, 5 und 6<\/td><td width=\"368\">Triaxieler Beschleunigungssensor<\/td><\/tr><tr><td width=\"368\">10<\/td><td width=\"368\">W\u00e4rmebildkamera<\/td><\/tr><tr><td width=\"368\">21<\/td><td width=\"368\">Thermopaar-Temperatur<\/td><\/tr><tr><td width=\"368\">25<\/td><td width=\"368\">Infrarot-Temperatur<\/td><\/tr><tr><td width=\"368\">26<\/td><td width=\"368\">4-20-mA-Sensorknoten<\/td><\/tr><tr><td width=\"368\">31<\/td><td width=\"368\">Dry contact (Trockenkontakt)<\/td><\/tr><tr><td width=\"368\">32<\/td><td width=\"368\">Stommodul (4 Kan\u00e4le)<\/td><\/tr><tr><td width=\"368\">50<\/td><td width=\"368\">Rauscharm Biaxial-Beschleunigungssensor<\/td><\/tr><tr><td width=\"368\">60<\/td><td width=\"368\">Universell einsetzbares Modul<\/td><\/tr><tr><td width=\"368\">40<\/td><td width=\"368\">Drehzahl (RPM-Modul)<\/td><\/tr><\/tbody><\/table>\t\t\t\t\t\t\t\t<\/div>\n\t\t\t\t<\/div>\n\t\t\t\t<div class=\"elementor-element elementor-element-aae029f elementor-widget elementor-widget-text-editor\" data-id=\"aae029f\" data-element_type=\"widget\" data-e-type=\"widget\" data-widget_type=\"text-editor.default\">\n\t\t\t\t<div class=\"elementor-widget-container\">\n\t\t\t\t\t\t\t\t\t<h3><span style=\"color: #ff0000;\"><strong>Gemainsame Variablen f\u00fcr alle Sensoren<\/strong><\/span><\/h3><table width=\"780\"><tbody><tr><td width=\"221\"><strong>Variablenname<br \/><\/strong><\/td><td width=\"147\"><b>Beschreibung<\/b><\/td><\/tr><tr><td width=\"221\">type<\/td><td width=\"147\">Sensortyp (siehe Tabelle oben)<\/td><\/tr><tr><td width=\"221\">battery<\/td><td width=\"147\">Batteriespannung in Volt<\/td><\/tr><tr><td width=\"221\">batteryType<\/td><td width=\"147\">Batterietyp. 1\/6D (1), AAA(2), CR2032(3), CR2477(4)<\/td><\/tr><tr><td width=\"221\">temperature<\/td><td width=\"147\">Interne Sensortemperatur (in Celsius)<\/td><\/tr><tr><td width=\"221\">version<\/td><td width=\"147\">Firmware-Version<\/td><\/tr><\/tbody><\/table>\t\t\t\t\t\t\t\t<\/div>\n\t\t\t\t<\/div>\n\t\t\t\t<div class=\"elementor-element elementor-element-1552e8f elementor-widget elementor-widget-text-editor\" data-id=\"1552e8f\" data-element_type=\"widget\" data-e-type=\"widget\" data-widget_type=\"text-editor.default\">\n\t\t\t\t<div class=\"elementor-widget-container\">\n\t\t\t\t\t\t\t\t\t<div><h3><span style=\"color: #ff0000;\"><strong>Triaxieler Beschleunigungssensor (3, 5 und 6)<\/strong><\/span><\/h3><\/div><table width=\"780\"><tbody><tr><td width=\"221\"><strong>Variablenname<br \/><\/strong><\/td><td width=\"147\"><strong>Beschreibung<\/strong><\/td><\/tr><tr><td width=\"221\">rms<\/td><td width=\"147\"><p><span style=\"background-color: unset;\">Drei-Werte-Array mit den RMS-Geschwindigkeiten in mm\/s , dien den einzelnen Achsen entsprechen<\/span><\/p><\/td><\/tr><\/tbody><\/table><h3><span style=\"color: #ff0000;\"><strong>Thermopaar-Temperatur (20)<\/strong><\/span><\/h3><table width=\"780\"><tbody><tr><td width=\"221\"><strong>Variablenname<\/strong><\/td><td width=\"147\"><b>Beschreibung<\/b><\/td><\/tr><tr><td width=\"221\">tcTemperature<\/td><td width=\"147\">Array aus drei Gleitkommazahlen mit der Temperatur jedes Thermoelement-Kanals in Grad Celsius<\/td><\/tr><\/tbody><\/table><h3>\u00a0<\/h3><h3><span style=\"color: #ff0000;\"><strong>Infrarot-Temperatur (25)<\/strong><\/span><\/h3><table width=\"780\"><tbody><tr><td width=\"221\"><strong>Variablenname<br \/><\/strong><\/td><td width=\"147\"><strong>Beschreibung<\/strong><\/td><\/tr><tr><td width=\"221\">ambientTemperature<\/td><td width=\"147\">Umgebunstemperatur, gemessen vom Infrarotsensor in Grad Celsius.<\/td><\/tr><tr><td width=\"221\">objectTemperature<\/td><td width=\"147\">Die Temperatur des Objekts, auf das der Infrarotsensor zeigt, in Grad Celsius.<\/td><\/tr><\/tbody><\/table><h3>\u00a0<\/h3><h3><span style=\"color: #ff0000;\"><strong>4-20mA Sensor (26)<\/strong><\/span><\/h3><table width=\"780\"><tbody><tr><td width=\"221\"><strong>Variablenname<br \/><\/strong><\/td><td width=\"147\"><b>Beschreibung<\/b><\/td><\/tr><tr><td width=\"221\">voltage<\/td><td width=\"147\">Ein Gleitkomma-Array der Gr\u00f6\u00dfe 4 mit den Sromswerten des 4-20-mA-Sensors<\/td><\/tr><\/tbody><\/table><h3>\u00a0<\/h3><h3><span style=\"color: #ff0000;\"><strong>Dreiphasenstrom (30)<\/strong><\/span><\/h3><table width=\"780\"><tbody><tr><td width=\"221\"><strong>Variablenname<br \/><\/strong><\/td><td width=\"147\"><strong>Beschreibung<\/strong><\/td><\/tr><tr><td width=\"221\">instCurrent<\/td><td width=\"147\">Ein Gleitkomma-Array der Gr\u00f6\u00dfe 4 mit den momentanen Stromwerten f\u00fcr jeden derEi vier Sensor-Kan\u00e4le in Ampere<\/td><\/tr><tr><td width=\"221\">averageCurrent<\/td><td width=\"147\">Ein Gleitkomma-Array der Gr\u00f6\u00dfe 4 mit dem durchschnittlichen Strom f\u00fcr jeden der vier Sensor-Kan\u00e4le in Ampere<\/td><\/tr><tr><td width=\"221\">minCurrent<\/td><td width=\"147\">Ein Gleitkomma-Array der Gr\u00f6\u00dfe 4 mit dem minimalen Strom f\u00fcr jeden der vier Sensor-Kan\u00e4le in Ampere<\/td><\/tr><tr><td width=\"221\">maxCurrent<\/td><td width=\"147\">Ein Gleitkomma-Array der Gr\u00f6\u00dfe 4 mit dem maximalen Strom f\u00fcr jeden der vier Sensor-Kan\u00e4le in Ampere<\/td><\/tr><tr><td width=\"221\">accumulatedCurrent<\/td><td width=\"147\">Ein Gleitkomma-Array der Gr\u00f6\u00dfe 4 mit dem aufsummierten Strom f\u00fcr jeden der vier Sensor-Kan\u00e4le in Ampere<\/td><\/tr><\/tbody><\/table><h3><span style=\"color: #ff0000;\"><strong>Drehzahlsensor (RPM) (40)<\/strong><\/span><\/h3><table width=\"780\"><tbody><tr><td width=\"221\"><strong>Variablenname<br \/><\/strong><\/td><td width=\"147\"><strong>Beschreibung<\/strong><\/td><\/tr><tr><td width=\"221\">rpm<\/td><td width=\"147\">Gleitkommazahl mit der aktuellen Drehzahl in RPM<\/td><\/tr><\/tbody><\/table><h3><span style=\"color: #ff0000;\"><strong>Dry contacts Sensor \/ Trockenkontaktsensor (31)<\/strong><\/span><\/h3><table width=\"780\"><tbody><tr><td width=\"221\"><strong>Variablenname<br \/><\/strong><\/td><td width=\"147\"><b>Beschreibung<\/b><\/td><\/tr><tr><td width=\"221\">dryContactsState<\/td><td width=\"147\">Ein Boolesches Array der Gr\u00f6\u00dfe 4 mit dem Status der Eing\u00e4nge. True bedeutet, dass der Kontakt geschlossen ist, und false, dass er offen ist.\u00a0<\/td><\/tr><\/tbody><\/table>\t\t\t\t\t\t\t\t<\/div>\n\t\t\t\t<\/div>\n\t\t\t\t\t<\/div>\n\t\t<\/div>\n\t\t\t\t\t<\/div>\n\t\t<\/section>\n\t\t\t\t<\/div>\n\t\t","protected":false},"excerpt":{"rendered":"<p>Erbessd Phantom OPC UA Zur Phantom Hauptseite Die Gateway-Version 2 f\u00fcr das drahtlose Sensorsystem Erbessd Instruments Phantom\u00ae unterst\u00fctzt das industrielle OPC-UA-Protokoll. Alle verarbeiteten Sensordaten sind \u00fcber OPC verf\u00fcgbar. Aufgrund der Funktionsweise des OPC-UA-Protokolls sind vollst\u00e4ndige Zeitbereichs-Signale oder FFTs jedoch nicht verf\u00fcgbar.- Das Gateway fungiert als OPC-UA-Server und wartet auf TCP-Verbindungen auf Port 4334. Aktivierung des &#8230; <a title=\"OPC UA Tutorial\" class=\"read-more\" href=\"https:\/\/www.erbessd-instruments.com\/de\/opc-ua-tutorial\/\" aria-label=\"Mehr Informationen \u00fcber OPC UA Tutorial\">Weiterlesen<\/a><\/p>\n","protected":false},"author":39,"featured_media":0,"parent":0,"menu_order":0,"comment_status":"closed","ping_status":"closed","template":"","meta":{"_acf_changed":false,"footnotes":""},"class_list":["post-10150171","page","type-page","status-publish"],"acf":[],"yoast_head":"<!-- This site is optimized with the Yoast SEO Premium plugin v22.8 (Yoast SEO v27.4) - https:\/\/yoast.com\/product\/yoast-seo-premium-wordpress\/ -->\n<title>OPC UA Tutorial &#8211; ERBESSD INSTRUMENTS<\/title>\n<meta name=\"description\" content=\"Erbessd Phantom OPC UAZur Phantom HauptseiteDie Gateway-Version 2 f\u00fcr das drahtlose Sensorsystem Erbessd Instruments Phantom\u00ae unterst\u00fctzt das industrielle &#8211; ERBESSD INSTRUMENTS\" \/>\n<meta name=\"robots\" content=\"index, follow, max-snippet:-1, max-image-preview:large, max-video-preview:-1\" \/>\n<link rel=\"canonical\" href=\"https:\/\/www.erbessd-instruments.com\/de\/opc-ua-tutorial\/\" \/>\n<meta property=\"og:locale\" content=\"de_DE\" \/>\n<meta property=\"og:type\" content=\"article\" \/>\n<meta property=\"og:title\" content=\"OPC UA Tutorial\" \/>\n<meta property=\"og:description\" content=\"Erbessd Phantom OPC UAZur Phantom HauptseiteDie Gateway-Version 2 f\u00fcr das drahtlose Sensorsystem Erbessd Instruments Phantom\u00ae unterst\u00fctzt das industrielle &#8211; ERBESSD INSTRUMENTS\" \/>\n<meta property=\"og:url\" content=\"https:\/\/www.erbessd-instruments.com\/de\/opc-ua-tutorial\/\" \/>\n<meta property=\"og:site_name\" content=\"ERBESSD INSTRUMENTS\" \/>\n<meta property=\"article:publisher\" content=\"https:\/\/www.facebook.com\/erbessdinstrumentsco\" \/>\n<meta property=\"article:modified_time\" content=\"2025-04-28T20:47:36+00:00\" \/>\n<meta property=\"og:image\" content=\"https:\/\/www.erbessd-instruments.com\/wp-content\/uploads\/2023\/03\/OPCUAEnable.png\" \/>\n\t<meta property=\"og:image:width\" content=\"737\" \/>\n\t<meta property=\"og:image:height\" content=\"713\" \/>\n\t<meta property=\"og:image:type\" content=\"image\/png\" \/>\n<meta name=\"twitter:card\" content=\"summary_large_image\" \/>\n<meta name=\"twitter:site\" content=\"@ErbessdRel\" \/>\n<meta name=\"twitter:label1\" content=\"Gesch\u00e4tzte Lesezeit\" \/>\n\t<meta name=\"twitter:data1\" content=\"4\u00a0Minuten\" \/>\n<!-- \/ Yoast SEO Premium plugin. -->","yoast_head_json":{"title":"OPC UA Tutorial &#8211; ERBESSD INSTRUMENTS","description":"Erbessd Phantom OPC UAZur Phantom HauptseiteDie Gateway-Version 2 f\u00fcr das drahtlose Sensorsystem Erbessd Instruments Phantom\u00ae unterst\u00fctzt das industrielle &#8211; ERBESSD INSTRUMENTS","robots":{"index":"index","follow":"follow","max-snippet":"max-snippet:-1","max-image-preview":"max-image-preview:large","max-video-preview":"max-video-preview:-1"},"canonical":"https:\/\/www.erbessd-instruments.com\/de\/opc-ua-tutorial\/","og_locale":"de_DE","og_type":"article","og_title":"OPC UA Tutorial","og_description":"Erbessd Phantom OPC UAZur Phantom HauptseiteDie Gateway-Version 2 f\u00fcr das drahtlose Sensorsystem Erbessd Instruments Phantom\u00ae unterst\u00fctzt das industrielle &#8211; ERBESSD INSTRUMENTS","og_url":"https:\/\/www.erbessd-instruments.com\/de\/opc-ua-tutorial\/","og_site_name":"ERBESSD INSTRUMENTS","article_publisher":"https:\/\/www.facebook.com\/erbessdinstrumentsco","article_modified_time":"2025-04-28T20:47:36+00:00","og_image":[{"width":737,"height":713,"url":"https:\/\/www.erbessd-instruments.com\/wp-content\/uploads\/2023\/03\/OPCUAEnable.png","type":"image\/png"}],"twitter_card":"summary_large_image","twitter_site":"@ErbessdRel","twitter_misc":{"Gesch\u00e4tzte Lesezeit":"4\u00a0Minuten"},"schema":{"@context":"https:\/\/schema.org","@graph":[{"@type":"WebPage","@id":"https:\/\/www.erbessd-instruments.com\/de\/opc-ua-tutorial\/","url":"https:\/\/www.erbessd-instruments.com\/de\/opc-ua-tutorial\/","name":"OPC UA Tutorial &#8211; ERBESSD INSTRUMENTS","isPartOf":{"@id":"https:\/\/www.erbessd-instruments.com\/#website"},"primaryImageOfPage":{"@id":"https:\/\/www.erbessd-instruments.com\/de\/opc-ua-tutorial\/#primaryimage"},"image":{"@id":"https:\/\/www.erbessd-instruments.com\/de\/opc-ua-tutorial\/#primaryimage"},"thumbnailUrl":"https:\/\/www.erbessd-instruments.com\/wp-content\/uploads\/2023\/03\/OPCUAEnable.png","datePublished":"2025-04-28T20:42:34+00:00","dateModified":"2025-04-28T20:47:36+00:00","description":"Erbessd Phantom OPC UAZur Phantom HauptseiteDie Gateway-Version 2 f\u00fcr das drahtlose Sensorsystem Erbessd Instruments Phantom\u00ae unterst\u00fctzt das industrielle &#8211; ERBESSD INSTRUMENTS","breadcrumb":{"@id":"https:\/\/www.erbessd-instruments.com\/de\/opc-ua-tutorial\/#breadcrumb"},"inLanguage":"de","potentialAction":[{"@type":"ReadAction","target":["https:\/\/www.erbessd-instruments.com\/de\/opc-ua-tutorial\/"]}]},{"@type":"ImageObject","inLanguage":"de","@id":"https:\/\/www.erbessd-instruments.com\/de\/opc-ua-tutorial\/#primaryimage","url":"https:\/\/www.erbessd-instruments.com\/wp-content\/uploads\/2023\/03\/OPCUAEnable.png","contentUrl":"https:\/\/www.erbessd-instruments.com\/wp-content\/uploads\/2023\/03\/OPCUAEnable.png"},{"@type":"BreadcrumbList","@id":"https:\/\/www.erbessd-instruments.com\/de\/opc-ua-tutorial\/#breadcrumb","itemListElement":[{"@type":"ListItem","position":1,"name":"Home","item":"https:\/\/www.erbessd-instruments.com\/"},{"@type":"ListItem","position":2,"name":"OPC UA Tutorial"}]},{"@type":"WebSite","@id":"https:\/\/www.erbessd-instruments.com\/#website","url":"https:\/\/www.erbessd-instruments.com\/","name":"ERBESSD INSTRUMENTS","description":"Vibration Analyzer, Online Monitoring, Video Deflection, &amp; Balancing Machine Manufacturer","publisher":{"@id":"https:\/\/www.erbessd-instruments.com\/#organization"},"potentialAction":[{"@type":"SearchAction","target":{"@type":"EntryPoint","urlTemplate":"https:\/\/www.erbessd-instruments.com\/?s={search_term_string}"},"query-input":{"@type":"PropertyValueSpecification","valueRequired":true,"valueName":"search_term_string"}}],"inLanguage":"de"},{"@type":"Organization","@id":"https:\/\/www.erbessd-instruments.com\/#organization","name":"ERBESSD INSTRUMENTS","url":"https:\/\/www.erbessd-instruments.com\/","logo":{"@type":"ImageObject","inLanguage":"de","@id":"https:\/\/www.erbessd-instruments.com\/#\/schema\/logo\/image\/","url":"https:\/\/www.erbessd-instruments.com\/wp-content\/uploads\/2021\/06\/erbessd_instruments_logo.png","contentUrl":"https:\/\/www.erbessd-instruments.com\/wp-content\/uploads\/2021\/06\/erbessd_instruments_logo.png","width":1073,"height":138,"caption":"ERBESSD INSTRUMENTS"},"image":{"@id":"https:\/\/www.erbessd-instruments.com\/#\/schema\/logo\/image\/"},"sameAs":["https:\/\/www.facebook.com\/erbessdinstrumentsco","https:\/\/x.com\/ErbessdRel","https:\/\/www.linkedin.com\/company\/erbessdinstrumentsco","https:\/\/www.pinterest.com\/4d2ab37d590061eda78ee907c11410\/","https:\/\/www.youtube.com\/channel\/UCMi2XxcHeufIw5WVkcPg98A"]}]}},"_links":{"self":[{"href":"https:\/\/www.erbessd-instruments.com\/de\/wp-json\/wp\/v2\/pages\/10150171","targetHints":{"allow":["GET"]}}],"collection":[{"href":"https:\/\/www.erbessd-instruments.com\/de\/wp-json\/wp\/v2\/pages"}],"about":[{"href":"https:\/\/www.erbessd-instruments.com\/de\/wp-json\/wp\/v2\/types\/page"}],"author":[{"embeddable":true,"href":"https:\/\/www.erbessd-instruments.com\/de\/wp-json\/wp\/v2\/users\/39"}],"replies":[{"embeddable":true,"href":"https:\/\/www.erbessd-instruments.com\/de\/wp-json\/wp\/v2\/comments?post=10150171"}],"version-history":[{"count":19,"href":"https:\/\/www.erbessd-instruments.com\/de\/wp-json\/wp\/v2\/pages\/10150171\/revisions"}],"predecessor-version":[{"id":10150197,"href":"https:\/\/www.erbessd-instruments.com\/de\/wp-json\/wp\/v2\/pages\/10150171\/revisions\/10150197"}],"wp:attachment":[{"href":"https:\/\/www.erbessd-instruments.com\/de\/wp-json\/wp\/v2\/media?parent=10150171"}],"curies":[{"name":"wp","href":"https:\/\/api.w.org\/{rel}","templated":true}]}}